{"id":34673,"date":"2021-01-27T10:42:30","date_gmt":"2021-01-27T09:42:30","guid":{"rendered":"https:\/\/www.allpartner.ch\/?page_id=34673"},"modified":"2024-12-01T11:45:02","modified_gmt":"2024-12-01T10:45:02","slug":"technikversicherung","status":"publish","type":"page","link":"https:\/\/www.allpartner.ch\/pt\/geschaeftskunden\/technikversicherung\/","title":{"rendered":"Technikversicherung"},"content":{"rendered":"<div data-elementor-type=\"wp-page\" data-elementor-id=\"34673\" class=\"elementor elementor-34673\" data-elementor-post-type=\"page\">\n\t\t\t\t\t\t<section data-dce-background-image-url=\"https:\/\/www.allpartner.ch\/wp-content\/uploads\/2021\/01\/bernie-almanzar-hi4S6Fzzgnw-unsplash-scaled.jpg\" class=\"elementor-section elementor-top-section elementor-element elementor-element-483da15 elementor-section-boxed elementor-section-height-default elementor-section-height-default\" data-id=\"483da15\" data-element_type=\"section\" data-settings=\"{&quot;background_background&quot;:&quot;classic&quot;}\">\n\t\t\t\t\t\t<div class=\"elementor-container elementor-column-gap-default\">\n\t\t\t\t\t<div data-dce-background-color=\"#F2F2F2E8\" class=\"elementor-column elementor-col-50 elementor-top-column elementor-element elementor-element-4f8ad0d\" data-id=\"4f8ad0d\" data-element_type=\"column\" data-settings=\"{&quot;background_background&quot;:&quot;classic&quot;}\">\n\t\t\t<div class=\"elementor-widget-wrap elementor-element-populated\">\n\t\t\t\t\t\t<div class=\"elementor-element elementor-element-09d95d0 elementor-widget elementor-widget-heading\" data-id=\"09d95d0\" data-element_type=\"widget\" data-widget_type=\"heading.default\">\n\t\t\t\t<div class=\"elementor-widget-container\">\n\t\t\t<h3 class=\"elementor-heading-title elementor-size-default\">Jetzt abschliessen<\/h3>\t\t<\/div>\n\t\t\t\t<\/div>\n\t\t\t\t<div class=\"elementor-element elementor-element-feef6d4 elementor-widget elementor-widget-heading\" data-id=\"feef6d4\" data-element_type=\"widget\" data-widget_type=\"heading.default\">\n\t\t\t\t<div class=\"elementor-widget-container\">\n\t\t\t<h1 class=\"elementor-heading-title elementor-size-default\">Technikversicherung<\/h1>\t\t<\/div>\n\t\t\t\t<\/div>\n\t\t\t\t<div class=\"elementor-element elementor-element-381a4fc elementor-widget elementor-widget-text-editor\" data-id=\"381a4fc\" data-element_type=\"widget\" data-widget_type=\"text-editor.default\">\n\t\t\t\t<div class=\"elementor-widget-container\">\n\t\t\t\t\t\t\t<p>Trotz aller Technik gehen Ger\u00e4te und Maschinen auch heute immer wieder kaputt, werden besch\u00e4digt, zerst\u00f6rt oder gestohlen und richten grosse Folgesch\u00e4den an. In solchen F\u00e4llen ist unsere Technikversicherung f\u00fcr Sie da.<\/p><p>F\u00fcr weitere Informationen k\u00f6nnen Sie uns gerne kontaktieren.<\/p>\t\t\t\t\t\t<\/div>\n\t\t\t\t<\/div>\n\t\t\t\t<div class=\"elementor-element elementor-element-e704672 elementor-align-left elementor-widget elementor-widget-button\" data-id=\"e704672\" data-element_type=\"widget\" data-widget_type=\"button.default\">\n\t\t\t\t<div class=\"elementor-widget-container\">\n\t\t\t\t\t<div class=\"elementor-button-wrapper\">\n\t\t\t<a class=\"elementor-button elementor-button-link elementor-size-sm\" href=\"https:\/\/www.allpartner.ch\/pt\/kontakt\/\">\n\t\t\t\t\t\t<span class=\"elementor-button-content-wrapper\">\n\t\t\t\t\t\t\t\t\t<span class=\"elementor-button-text\">Offerte anfragen<\/span>\n\t\t\t\t\t<\/span>\n\t\t\t\t\t<\/a>\n\t\t<\/div>\n\t\t\t\t<\/div>\n\t\t\t\t<\/div>\n\t\t\t\t\t<\/div>\n\t\t<\/div>\n\t\t\t\t<div class=\"elementor-column elementor-col-50 elementor-top-column elementor-element elementor-element-de13f3c\" data-id=\"de13f3c\" data-element_type=\"column\">\n\t\t\t<div class=\"elementor-widget-wrap elementor-element-populated\">\n\t\t\t\t\t\t<section class=\"elementor-section elementor-inner-section elementor-element elementor-element-67159fd elementor-section-boxed elementor-section-height-default elementor-section-height-default\" data-id=\"67159fd\" data-element_type=\"section\">\n\t\t\t\t\t\t<div class=\"elementor-container elementor-column-gap-default\">\n\t\t\t\t\t<div class=\"elementor-column elementor-col-100 elementor-inner-column elementor-element elementor-element-6abe869\" data-id=\"6abe869\" data-element_type=\"column\">\n\t\t\t<div class=\"elementor-widget-wrap\">\n\t\t\t\t\t\t\t<\/div>\n\t\t<\/div>\n\t\t\t\t\t<\/div>\n\t\t<\/section>\n\t\t\t\t\t<\/div>\n\t\t<\/div>\n\t\t\t\t\t<\/div>\n\t\t<\/section>\n\t\t\t\t<\/div>","protected":false},"excerpt":{"rendered":"<p>Jetzt abschliessen Technikversicherung Trotz aller Technik gehen Ger\u00e4te und Maschinen auch heute immer wieder kaputt, werden besch\u00e4digt, zerst\u00f6rt oder gestohlen und richten grosse Folgesch\u00e4den an. In solchen F\u00e4llen ist unsere Technikversicherung f\u00fcr Sie da. F\u00fcr weitere Informationen k\u00f6nnen Sie uns gerne kontaktieren. Offerte anfragen<\/p>","protected":false},"author":3,"featured_media":35186,"parent":29277,"menu_order":8,"comment_status":"closed","ping_status":"closed","template":"elementor_header_footer","meta":{"footnotes":""},"class_list":["post-34673","page","type-page","status-publish","has-post-thumbnail","hentry"],"aioseo_notices":[],"_links":{"self":[{"href":"https:\/\/www.allpartner.ch\/pt\/wp-json\/wp\/v2\/pages\/34673"}],"collection":[{"href":"https:\/\/www.allpartner.ch\/pt\/wp-json\/wp\/v2\/pages"}],"about":[{"href":"https:\/\/www.allpartner.ch\/pt\/wp-json\/wp\/v2\/types\/page"}],"author":[{"embeddable":true,"href":"https:\/\/www.allpartner.ch\/pt\/wp-json\/wp\/v2\/users\/3"}],"replies":[{"embeddable":true,"href":"https:\/\/www.allpartner.ch\/pt\/wp-json\/wp\/v2\/comments?post=34673"}],"version-history":[{"count":17,"href":"https:\/\/www.allpartner.ch\/pt\/wp-json\/wp\/v2\/pages\/34673\/revisions"}],"predecessor-version":[{"id":35651,"href":"https:\/\/www.allpartner.ch\/pt\/wp-json\/wp\/v2\/pages\/34673\/revisions\/35651"}],"up":[{"embeddable":true,"href":"https:\/\/www.allpartner.ch\/pt\/wp-json\/wp\/v2\/pages\/29277"}],"wp:featuredmedia":[{"embeddable":true,"href":"https:\/\/www.allpartner.ch\/pt\/wp-json\/wp\/v2\/media\/35186"}],"wp:attachment":[{"href":"https:\/\/www.allpartner.ch\/pt\/wp-json\/wp\/v2\/media?parent=34673"}],"curies":[{"name":"wp","href":"https:\/\/api.w.org\/{rel}","templated":true}]}}