{"id":33083,"date":"2020-11-25T17:16:27","date_gmt":"2020-11-25T16:16:27","guid":{"rendered":"http:\/\/allpartner.brentex.ch\/?page_id=33083"},"modified":"2024-12-01T11:44:30","modified_gmt":"2024-12-01T10:44:30","slug":"transport","status":"publish","type":"page","link":"https:\/\/www.allpartner.ch\/pt\/geschaeftskunden\/transport\/","title":{"rendered":"Transport"},"content":{"rendered":"<div data-elementor-type=\"wp-page\" data-elementor-id=\"33083\" class=\"elementor elementor-33083\" data-elementor-post-type=\"page\">\n\t\t\t\t\t\t<section data-dce-background-image-url=\"https:\/\/www.allpartner.ch\/wp-content\/uploads\/2020\/11\/120.jpg\" class=\"elementor-section elementor-top-section elementor-element elementor-element-2b65eac elementor-section-boxed elementor-section-height-default elementor-section-height-default\" data-id=\"2b65eac\" data-element_type=\"section\" data-settings=\"{&quot;background_background&quot;:&quot;classic&quot;}\">\n\t\t\t\t\t\t<div class=\"elementor-container elementor-column-gap-default\">\n\t\t\t\t\t<div data-dce-background-color=\"#F2F2F2D4\" class=\"elementor-column elementor-col-100 elementor-top-column elementor-element elementor-element-5bbb7e0\" data-id=\"5bbb7e0\" data-element_type=\"column\" data-settings=\"{&quot;background_background&quot;:&quot;classic&quot;}\">\n\t\t\t<div class=\"elementor-widget-wrap elementor-element-populated\">\n\t\t\t\t\t\t<div class=\"elementor-element elementor-element-92079f7 elementor-widget elementor-widget-heading\" data-id=\"92079f7\" data-element_type=\"widget\" data-widget_type=\"heading.default\">\n\t\t\t\t<div class=\"elementor-widget-container\">\n\t\t\t<h3 class=\"elementor-heading-title elementor-size-default\">Jetzt abschliessen<\/h3>\t\t<\/div>\n\t\t\t\t<\/div>\n\t\t\t\t<div class=\"elementor-element elementor-element-52c6f5b elementor-widget elementor-widget-heading\" data-id=\"52c6f5b\" data-element_type=\"widget\" data-widget_type=\"heading.default\">\n\t\t\t\t<div class=\"elementor-widget-container\">\n\t\t\t<h1 class=\"elementor-heading-title elementor-size-default\">Transport<\/h1>\t\t<\/div>\n\t\t\t\t<\/div>\n\t\t\t\t<div class=\"elementor-element elementor-element-8386b84 elementor-widget elementor-widget-text-editor\" data-id=\"8386b84\" data-element_type=\"widget\" data-widget_type=\"text-editor.default\">\n\t\t\t\t<div class=\"elementor-widget-container\">\n\t\t\t\t\t\t\tEin Warentransport ist nicht frei von Risiken. Die Transportversicherung bietet Ihnen Sicherheit. Dabei spielt es keine Rolle, ob Sie international G\u00fcter transportieren oder Materialien in Ihrem Lieferwagen geladen haben, um bei Kunden Auftr\u00e4ge auszuf\u00fchren.\t\t\t\t\t\t<\/div>\n\t\t\t\t<\/div>\n\t\t\t\t<div class=\"elementor-element elementor-element-4e81b51 elementor-widget elementor-widget-heading\" data-id=\"4e81b51\" data-element_type=\"widget\" data-widget_type=\"heading.default\">\n\t\t\t\t<div class=\"elementor-widget-container\">\n\t\t\t<h4 class=\"elementor-heading-title elementor-size-default\">Versichert sind:<\/h4>\t\t<\/div>\n\t\t\t\t<\/div>\n\t\t\t\t<div class=\"elementor-element elementor-element-153561a9 elementor-widget elementor-widget-text-editor\" data-id=\"153561a9\" data-element_type=\"widget\" data-widget_type=\"text-editor.default\">\n\t\t\t\t<div class=\"elementor-widget-container\">\n\t\t\t\t\t\t\t<ul><li>Sch\u00e4den beim Be- und Entladen<\/li><li>Verlust und Besch\u00e4digung (inkl. aller Risiken)<\/li><li>Zwischenlagerungen<\/li><li>Diebstahl<\/li><li>Transport-Betriebsunterbrechungsversicherung<\/li><li>Transport-Vertragsstrafenversicherung<\/li><li>Versicherung von Manipulationen \/ Bewegungen der Waren auf dem Betriebsareal<\/li><li>\u00dcbernahme von Kosten und Mehrkosten (z. B. \u00dcberstundenzuschl\u00e4ge, Expresssendungen, Havariekommissare)<\/li><\/ul>\t\t\t\t\t\t<\/div>\n\t\t\t\t<\/div>\n\t\t\t\t<div class=\"elementor-element elementor-element-dcee2d5 elementor-align-left elementor-widget elementor-widget-button\" data-id=\"dcee2d5\" data-element_type=\"widget\" data-widget_type=\"button.default\">\n\t\t\t\t<div class=\"elementor-widget-container\">\n\t\t\t\t\t<div class=\"elementor-button-wrapper\">\n\t\t\t<a class=\"elementor-button elementor-button-link elementor-size-sm\" href=\"https:\/\/www.allpartner.ch\/pt\/kontakt\/\">\n\t\t\t\t\t\t<span class=\"elementor-button-content-wrapper\">\n\t\t\t\t\t\t\t\t\t<span class=\"elementor-button-text\">Offerte anfragen<\/span>\n\t\t\t\t\t<\/span>\n\t\t\t\t\t<\/a>\n\t\t<\/div>\n\t\t\t\t<\/div>\n\t\t\t\t<\/div>\n\t\t\t\t\t<\/div>\n\t\t<\/div>\n\t\t\t\t\t<\/div>\n\t\t<\/section>\n\t\t\t\t<\/div>","protected":false},"excerpt":{"rendered":"<p>Jetzt abschliessen Transport Ein Warentransport ist nicht frei von Risiken. Die Transportversicherung bietet Ihnen Sicherheit. Dabei spielt es keine Rolle, ob Sie international G\u00fcter transportieren oder Materialien in Ihrem Lieferwagen geladen haben, um bei Kunden Auftr\u00e4ge auszuf\u00fchren. Versichert sind: Sch\u00e4den beim Be- und Entladen Verlust und Besch\u00e4digung (inkl. aller Risiken) Zwischenlagerungen Diebstahl Transport-Betriebsunterbrechungsversicherung Transport-Vertragsstrafenversicherung Versicherung [&hellip;]<\/p>","protected":false},"author":3,"featured_media":35186,"parent":29277,"menu_order":5,"comment_status":"closed","ping_status":"closed","template":"elementor_header_footer","meta":{"footnotes":""},"class_list":["post-33083","page","type-page","status-publish","has-post-thumbnail","hentry"],"aioseo_notices":[],"_links":{"self":[{"href":"https:\/\/www.allpartner.ch\/pt\/wp-json\/wp\/v2\/pages\/33083"}],"collection":[{"href":"https:\/\/www.allpartner.ch\/pt\/wp-json\/wp\/v2\/pages"}],"about":[{"href":"https:\/\/www.allpartner.ch\/pt\/wp-json\/wp\/v2\/types\/page"}],"author":[{"embeddable":true,"href":"https:\/\/www.allpartner.ch\/pt\/wp-json\/wp\/v2\/users\/3"}],"replies":[{"embeddable":true,"href":"https:\/\/www.allpartner.ch\/pt\/wp-json\/wp\/v2\/comments?post=33083"}],"version-history":[{"count":20,"href":"https:\/\/www.allpartner.ch\/pt\/wp-json\/wp\/v2\/pages\/33083\/revisions"}],"predecessor-version":[{"id":35648,"href":"https:\/\/www.allpartner.ch\/pt\/wp-json\/wp\/v2\/pages\/33083\/revisions\/35648"}],"up":[{"embeddable":true,"href":"https:\/\/www.allpartner.ch\/pt\/wp-json\/wp\/v2\/pages\/29277"}],"wp:featuredmedia":[{"embeddable":true,"href":"https:\/\/www.allpartner.ch\/pt\/wp-json\/wp\/v2\/media\/35186"}],"wp:attachment":[{"href":"https:\/\/www.allpartner.ch\/pt\/wp-json\/wp\/v2\/media?parent=33083"}],"curies":[{"name":"wp","href":"https:\/\/api.w.org\/{rel}","templated":true}]}}