{"id":33040,"date":"2020-11-25T16:46:31","date_gmt":"2020-11-25T15:46:31","guid":{"rendered":"http:\/\/allpartner.brentex.ch\/?page_id=33040"},"modified":"2024-12-05T16:24:04","modified_gmt":"2024-12-05T15:24:04","slug":"vorsorge","status":"publish","type":"page","link":"https:\/\/www.allpartner.ch\/pt\/privatkunden\/vorsorge\/","title":{"rendered":"Vorsorge"},"content":{"rendered":"<div data-elementor-type=\"wp-page\" data-elementor-id=\"33040\" class=\"elementor elementor-33040\" data-elementor-post-type=\"page\">\n\t\t\t\t\t\t<section data-dce-background-image-url=\"https:\/\/www.allpartner.ch\/wp-content\/uploads\/2021\/01\/matthew-bennett-78hTqvjYMS4-unsplash-scaled.jpg\" class=\"elementor-section elementor-top-section elementor-element elementor-element-2e5826b4 elementor-section-boxed elementor-section-height-default elementor-section-height-default\" data-id=\"2e5826b4\" data-element_type=\"section\" data-settings=\"{&quot;background_background&quot;:&quot;classic&quot;}\">\n\t\t\t\t\t\t<div class=\"elementor-container elementor-column-gap-default\">\n\t\t\t\t\t<div class=\"elementor-column elementor-col-50 elementor-top-column elementor-element elementor-element-79577fb3\" data-id=\"79577fb3\" data-element_type=\"column\">\n\t\t\t<div class=\"elementor-widget-wrap\">\n\t\t\t\t\t\t\t<\/div>\n\t\t<\/div>\n\t\t\t\t<div data-dce-background-color=\"#F2F2F2E0\" class=\"elementor-column elementor-col-50 elementor-top-column elementor-element elementor-element-28d4302d\" data-id=\"28d4302d\" data-element_type=\"column\" data-settings=\"{&quot;background_background&quot;:&quot;classic&quot;}\">\n\t\t\t<div class=\"elementor-widget-wrap elementor-element-populated\">\n\t\t\t\t\t\t<div class=\"elementor-element elementor-element-6e121f7f elementor-widget elementor-widget-heading\" data-id=\"6e121f7f\" data-element_type=\"widget\" data-widget_type=\"heading.default\">\n\t\t\t\t<div class=\"elementor-widget-container\">\n\t\t\t<h4 class=\"elementor-heading-title elementor-size-default\">Jetzt abschliessen<\/h4>\t\t<\/div>\n\t\t\t\t<\/div>\n\t\t\t\t<div class=\"elementor-element elementor-element-28b29a79 elementor-widget elementor-widget-heading\" data-id=\"28b29a79\" data-element_type=\"widget\" data-widget_type=\"heading.default\">\n\t\t\t\t<div class=\"elementor-widget-container\">\n\t\t\t<h2 class=\"elementor-heading-title elementor-size-default\">Vorsorge<\/h2>\t\t<\/div>\n\t\t\t\t<\/div>\n\t\t\t\t<div class=\"elementor-element elementor-element-3a375602 elementor-widget elementor-widget-text-editor\" data-id=\"3a375602\" data-element_type=\"widget\" data-widget_type=\"text-editor.default\">\n\t\t\t\t<div class=\"elementor-widget-container\">\n\t\t\t\t\t\t\tJeder Mensch durchl\u00e4uft w\u00e4hrend seines Lebens verschiedene Phasen und entwickelt sich weiter. Durch neue Lebenssituationen entstehen auch neue Bed\u00fcrfnisse und Priorit\u00e4ten. Dies gilt auch f\u00fcr die private Vorsorge: Ein fr\u00fcher Einstieg ist empfehlenswert.\t\t\t\t\t\t<\/div>\n\t\t\t\t<\/div>\n\t\t\t\t<div class=\"elementor-element elementor-element-c52fa7c elementor-align-center elementor-widget elementor-widget-button\" data-id=\"c52fa7c\" data-element_type=\"widget\" data-widget_type=\"button.default\">\n\t\t\t\t<div class=\"elementor-widget-container\">\n\t\t\t\t\t<div class=\"elementor-button-wrapper\">\n\t\t\t<a class=\"elementor-button elementor-button-link elementor-size-sm\" href=\"#elementor-action:action=popup:open&settings=eyJpZCI6IjM0NzEzIiwidG9nZ2xlIjpmYWxzZX0=\">\n\t\t\t\t\t\t<span class=\"elementor-button-content-wrapper\">\n\t\t\t\t\t\t\t\t\t<span class=\"elementor-button-text\">Online Analyse<\/span>\n\t\t\t\t\t<\/span>\n\t\t\t\t\t<\/a>\n\t\t<\/div>\n\t\t\t\t<\/div>\n\t\t\t\t<\/div>\n\t\t\t\t\t<\/div>\n\t\t<\/div>\n\t\t\t\t\t<\/div>\n\t\t<\/section>\n\t\t\t\t<section class=\"elementor-section elementor-top-section elementor-element elementor-element-cea9cc1 elementor-section-boxed elementor-section-height-default elementor-section-height-default\" data-id=\"cea9cc1\" data-element_type=\"section\">\n\t\t\t\t\t\t<div class=\"elementor-container elementor-column-gap-default\">\n\t\t\t\t\t<div class=\"elementor-column elementor-col-50 elementor-top-column elementor-element elementor-element-18b7aec\" data-id=\"18b7aec\" data-element_type=\"column\">\n\t\t\t<div class=\"elementor-widget-wrap elementor-element-populated\">\n\t\t\t\t\t\t<div class=\"elementor-element elementor-element-0e21a48 elementor-widget elementor-widget-heading\" data-id=\"0e21a48\" data-element_type=\"widget\" data-widget_type=\"heading.default\">\n\t\t\t\t<div class=\"elementor-widget-container\">\n\t\t\t<h4 class=\"elementor-heading-title elementor-size-default\">Die 1. S\u00e4ule: Staatliche Vorsorge<\/h4>\t\t<\/div>\n\t\t\t\t<\/div>\n\t\t\t\t<div class=\"elementor-element elementor-element-e3a8283 elementor-widget elementor-widget-text-editor\" data-id=\"e3a8283\" data-element_type=\"widget\" data-widget_type=\"text-editor.default\">\n\t\t\t\t<div class=\"elementor-widget-container\">\n\t\t\t\t\t\t\tDie 1. S\u00e4ule ist die staatliche Vorsorge und Teil des Dreis\u00e4ulenkonzeptes, welches wiederum auf unserem Sozialversicherungsnetz basiert. Sie ist obligatorisch und sichert Ihren Existenzbedarf und der Ihrer Angeh\u00f6rigen im Alter, bei Erwerbsunf\u00e4higkeit oder im Todesfall. \t\t\t\t\t\t<\/div>\n\t\t\t\t<\/div>\n\t\t\t\t<div class=\"elementor-element elementor-element-6e1b6fd elementor-widget elementor-widget-heading\" data-id=\"6e1b6fd\" data-element_type=\"widget\" data-widget_type=\"heading.default\">\n\t\t\t\t<div class=\"elementor-widget-container\">\n\t\t\t<h4 class=\"elementor-heading-title elementor-size-default\">Die 2. S\u00e4ule: Berufliche Vorsorge<\/h4>\t\t<\/div>\n\t\t\t\t<\/div>\n\t\t\t\t<div class=\"elementor-element elementor-element-328ed41 elementor-widget elementor-widget-text-editor\" data-id=\"328ed41\" data-element_type=\"widget\" data-widget_type=\"text-editor.default\">\n\t\t\t\t<div class=\"elementor-widget-container\">\n\t\t\t\t\t\t\tDie berufliche Vorsorge (BVG) ist die zweite S\u00e4ule unseres Sozialsystems. Sie basiert auf dem Bundesgesetz \u00fcber die \u201eberufliche Alters-, Hinterlassenen- und Invalidenvorsorge\u201c, das seit 1985 in der Schweiz in Kraft ist. Als so genannte Pensionskasse dient sie dazu die Fortsetzung des bisherigen Lebensstandards bei Erwerbsausfall f\u00fcr Sie und Ihre Angeh\u00f6rigen zu erm\u00f6glichen.\t\t\t\t\t\t<\/div>\n\t\t\t\t<\/div>\n\t\t\t\t<div class=\"elementor-element elementor-element-2814ce8 elementor-widget elementor-widget-heading\" data-id=\"2814ce8\" data-element_type=\"widget\" data-widget_type=\"heading.default\">\n\t\t\t\t<div class=\"elementor-widget-container\">\n\t\t\t<h4 class=\"elementor-heading-title elementor-size-default\">Die 3. S\u00e4ule: Private Vorsorge<\/h4>\t\t<\/div>\n\t\t\t\t<\/div>\n\t\t\t\t<div class=\"elementor-element elementor-element-defe439 elementor-widget elementor-widget-text-editor\" data-id=\"defe439\" data-element_type=\"widget\" data-widget_type=\"text-editor.default\">\n\t\t\t\t<div class=\"elementor-widget-container\">\n\t\t\t\t\t\t\tAls Erg\u00e4nzung zur staatlichen (1. S\u00e4ule) und zur beruflichen Vorsorge (2. S\u00e4ule) wurde 1972 die private Vorsorge in der Bundesverfassung verankert. Diese 3. S\u00e4ule dient dazu, Ihren individuellen Lebensstandard abzusichern und eventuelle Einkommensl\u00fccken zu f\u00fcllen, die durch die ersten beiden S\u00e4ulen entstehen. \t\t\t\t\t\t<\/div>\n\t\t\t\t<\/div>\n\t\t\t\t<div class=\"elementor-element elementor-element-ee2f905 elementor-align-left elementor-widget elementor-widget-button\" data-id=\"ee2f905\" data-element_type=\"widget\" data-widget_type=\"button.default\">\n\t\t\t\t<div class=\"elementor-widget-container\">\n\t\t\t\t\t<div class=\"elementor-button-wrapper\">\n\t\t\t<a class=\"elementor-button elementor-button-link elementor-size-sm\" href=\"https:\/\/www.allpartner.ch\/pt\/kontakt\/\">\n\t\t\t\t\t\t<span class=\"elementor-button-content-wrapper\">\n\t\t\t\t\t\t\t\t\t<span class=\"elementor-button-text\">Beratung anfragen<\/span>\n\t\t\t\t\t<\/span>\n\t\t\t\t\t<\/a>\n\t\t<\/div>\n\t\t\t\t<\/div>\n\t\t\t\t<\/div>\n\t\t\t\t\t<\/div>\n\t\t<\/div>\n\t\t\t\t<div data-dce-background-color=\"#333D401A\" data-dce-background-overlay-color=\"#FFFFFF\" data-dce-background-image-url=\"https:\/\/www.allpartner.ch\/wp-content\/uploads\/2021\/02\/campaign-creators-774sCXD0dDU-unsplash-scaled.jpg\" class=\"elementor-column elementor-col-50 elementor-top-column elementor-element elementor-element-483f164\" data-id=\"483f164\" data-element_type=\"column\" data-settings=\"{&quot;background_background&quot;:&quot;classic&quot;}\">\n\t\t\t<div class=\"elementor-widget-wrap elementor-element-populated\">\n\t\t\t\t\t<div class=\"elementor-background-overlay\"><\/div>\n\t\t\t\t\t\t<section class=\"elementor-section elementor-inner-section elementor-element elementor-element-7db4814 elementor-section-boxed elementor-section-height-default elementor-section-height-default\" data-id=\"7db4814\" data-element_type=\"section\">\n\t\t\t\t\t\t<div class=\"elementor-container elementor-column-gap-default\">\n\t\t\t\t\t<div data-dce-background-color=\"#FFFFFF9E\" class=\"elementor-column elementor-col-100 elementor-inner-column elementor-element elementor-element-5bb3485\" data-id=\"5bb3485\" data-element_type=\"column\" data-settings=\"{&quot;background_background&quot;:&quot;classic&quot;}\">\n\t\t\t<div class=\"elementor-widget-wrap elementor-element-populated\">\n\t\t\t\t\t\t<div class=\"elementor-element elementor-element-7765314 elementor-widget elementor-widget-heading\" data-id=\"7765314\" data-element_type=\"widget\" data-widget_type=\"heading.default\">\n\t\t\t\t<div class=\"elementor-widget-container\">\n\t\t\t<h3 class=\"elementor-heading-title elementor-size-default\">Online ausf\u00fcllen<\/h3>\t\t<\/div>\n\t\t\t\t<\/div>\n\t\t\t\t<div class=\"elementor-element elementor-element-4df5617 elementor-widget elementor-widget-heading\" data-id=\"4df5617\" data-element_type=\"widget\" data-widget_type=\"heading.default\">\n\t\t\t\t<div class=\"elementor-widget-container\">\n\t\t\t<h1 class=\"elementor-heading-title elementor-size-default\">Vorsorge Analyse<\/h1>\t\t<\/div>\n\t\t\t\t<\/div>\n\t\t\t\t<div class=\"elementor-element elementor-element-e957de5 elementor-widget elementor-widget-text-editor\" data-id=\"e957de5\" data-element_type=\"widget\" data-widget_type=\"text-editor.default\">\n\t\t\t\t<div class=\"elementor-widget-container\">\n\t\t\t\t\t\t\tF\u00fcllen Sie innert wenigen Minuten unser online Vorsorge Formular aus und erfahren Sie unverbindlich und kostenlos auf welche Leistungen Sie und Ihre Familie bei Krankheit, Unfall oder Tod Anspruch h\u00e4tten.\t\t\t\t\t\t<\/div>\n\t\t\t\t<\/div>\n\t\t\t\t<div class=\"elementor-element elementor-element-bcd129f elementor-align-left elementor-widget elementor-widget-button\" data-id=\"bcd129f\" data-element_type=\"widget\" data-widget_type=\"button.default\">\n\t\t\t\t<div class=\"elementor-widget-container\">\n\t\t\t\t\t<div class=\"elementor-button-wrapper\">\n\t\t\t<a class=\"elementor-button elementor-button-link elementor-size-sm\" href=\"#elementor-action:action=popup:open&settings=eyJpZCI6IjM0NzEzIiwidG9nZ2xlIjpmYWxzZX0=\">\n\t\t\t\t\t\t<span class=\"elementor-button-content-wrapper\">\n\t\t\t\t\t\t\t\t\t<span class=\"elementor-button-text\">Jetzt starten<\/span>\n\t\t\t\t\t<\/span>\n\t\t\t\t\t<\/a>\n\t\t<\/div>\n\t\t\t\t<\/div>\n\t\t\t\t<\/div>\n\t\t\t\t\t<\/div>\n\t\t<\/div>\n\t\t\t\t\t<\/div>\n\t\t<\/section>\n\t\t\t\t\t<\/div>\n\t\t<\/div>\n\t\t\t\t\t<\/div>\n\t\t<\/section>\n\t\t\t\t<\/div>","protected":false},"excerpt":{"rendered":"<p>Jetzt abschliessen Vorsorge Jeder Mensch durchl\u00e4uft w\u00e4hrend seines Lebens verschiedene Phasen und entwickelt sich weiter. Durch neue Lebenssituationen entstehen auch neue Bed\u00fcrfnisse und Priorit\u00e4ten. Dies gilt auch f\u00fcr die private Vorsorge: Ein fr\u00fcher Einstieg ist empfehlenswert. Online Analyse Die 1. S\u00e4ule: Staatliche Vorsorge Die 1. S\u00e4ule ist die staatliche Vorsorge und Teil des Dreis\u00e4ulenkonzeptes, welches [&hellip;]<\/p>","protected":false},"author":3,"featured_media":35186,"parent":28860,"menu_order":6,"comment_status":"closed","ping_status":"closed","template":"elementor_header_footer","meta":{"footnotes":""},"class_list":["post-33040","page","type-page","status-publish","has-post-thumbnail","hentry"],"aioseo_notices":[],"_links":{"self":[{"href":"https:\/\/www.allpartner.ch\/pt\/wp-json\/wp\/v2\/pages\/33040"}],"collection":[{"href":"https:\/\/www.allpartner.ch\/pt\/wp-json\/wp\/v2\/pages"}],"about":[{"href":"https:\/\/www.allpartner.ch\/pt\/wp-json\/wp\/v2\/types\/page"}],"author":[{"embeddable":true,"href":"https:\/\/www.allpartner.ch\/pt\/wp-json\/wp\/v2\/users\/3"}],"replies":[{"embeddable":true,"href":"https:\/\/www.allpartner.ch\/pt\/wp-json\/wp\/v2\/comments?post=33040"}],"version-history":[{"count":32,"href":"https:\/\/www.allpartner.ch\/pt\/wp-json\/wp\/v2\/pages\/33040\/revisions"}],"predecessor-version":[{"id":35675,"href":"https:\/\/www.allpartner.ch\/pt\/wp-json\/wp\/v2\/pages\/33040\/revisions\/35675"}],"up":[{"embeddable":true,"href":"https:\/\/www.allpartner.ch\/pt\/wp-json\/wp\/v2\/pages\/28860"}],"wp:featuredmedia":[{"embeddable":true,"href":"https:\/\/www.allpartner.ch\/pt\/wp-json\/wp\/v2\/media\/35186"}],"wp:attachment":[{"href":"https:\/\/www.allpartner.ch\/pt\/wp-json\/wp\/v2\/media?parent=33040"}],"curies":[{"name":"wp","href":"https:\/\/api.w.org\/{rel}","templated":true}]}}