{"id":33030,"date":"2020-11-25T16:43:05","date_gmt":"2020-11-25T15:43:05","guid":{"rendered":"http:\/\/allpartner.brentex.ch\/?page_id=33030"},"modified":"2024-12-01T11:38:02","modified_gmt":"2024-12-01T10:38:02","slug":"rechtschutz","status":"publish","type":"page","link":"https:\/\/www.allpartner.ch\/pt\/privatkunden\/rechtschutz\/","title":{"rendered":"Rechtschutz"},"content":{"rendered":"<div data-elementor-type=\"wp-page\" data-elementor-id=\"33030\" class=\"elementor elementor-33030\" data-elementor-post-type=\"page\">\n\t\t\t\t\t\t<section data-dce-background-image-url=\"https:\/\/www.allpartner.ch\/wp-content\/uploads\/2020\/11\/tingey-injury-law-firm-6sl88x150Xs-unsplash.jpg\" class=\"elementor-section elementor-top-section elementor-element elementor-element-e948b0a elementor-section-boxed elementor-section-height-default elementor-section-height-default\" data-id=\"e948b0a\" data-element_type=\"section\" data-settings=\"{&quot;background_background&quot;:&quot;classic&quot;}\">\n\t\t\t\t\t\t<div class=\"elementor-container elementor-column-gap-default\">\n\t\t\t\t\t<div data-dce-background-color=\"#F2F2F2C7\" class=\"elementor-column elementor-col-50 elementor-top-column elementor-element elementor-element-0b337c1\" data-id=\"0b337c1\" data-element_type=\"column\" data-settings=\"{&quot;background_background&quot;:&quot;classic&quot;}\">\n\t\t\t<div class=\"elementor-widget-wrap elementor-element-populated\">\n\t\t\t\t\t\t<div class=\"elementor-element elementor-element-871a00d elementor-widget elementor-widget-heading\" data-id=\"871a00d\" data-element_type=\"widget\" data-widget_type=\"heading.default\">\n\t\t\t\t<div class=\"elementor-widget-container\">\n\t\t\t<h3 class=\"elementor-heading-title elementor-size-default\">Jetzt abschliessen<\/h3>\t\t<\/div>\n\t\t\t\t<\/div>\n\t\t\t\t<div class=\"elementor-element elementor-element-c78f247 elementor-widget elementor-widget-heading\" data-id=\"c78f247\" data-element_type=\"widget\" data-widget_type=\"heading.default\">\n\t\t\t\t<div class=\"elementor-widget-container\">\n\t\t\t<h1 class=\"elementor-heading-title elementor-size-default\">Rechtsschutz<\/h1>\t\t<\/div>\n\t\t\t\t<\/div>\n\t\t\t\t<div class=\"elementor-element elementor-element-67662b7 elementor-widget elementor-widget-text-editor\" data-id=\"67662b7\" data-element_type=\"widget\" data-widget_type=\"text-editor.default\">\n\t\t\t\t<div class=\"elementor-widget-container\">\n\t\t\t\t\t\t\t<p>Die Rechtsschutzversicherung ist in Streitf\u00e4llen f\u00fcr Sie da. Sie sorgt daf\u00fcr, dass Sie auch wirklich Recht bekommen, wo Sie Recht haben. Die Rechtsschutzversicherung unterst\u00fctzt Sie bei privaten und rechtlichen Auseinandersetzungen oder Differenzen, sowie im Zusammenhang mit einem Verkehrsunfall oder bei einem F\u00fchrerausweisentzug.<\/p><p>Die Rechtsschutzversicherung hilft Ihnen auch bei vertraglichen Streitigkeiten, zum Beispiel mit Vermietern, Verk\u00e4ufern, Reiseanbietern oder Lieferanten von Waren. Die Versicherung wehrt ungerechtfertigte Forderungen ab und sch\u00fctzt Sie vor den hohen Kosten eines Rechtsstreits unabh\u00e4ngig davon, wer ihn begonnen hat.<\/p>\t\t\t\t\t\t<\/div>\n\t\t\t\t<\/div>\n\t\t\t\t<div class=\"elementor-element elementor-element-e03e16e elementor-align-left elementor-widget elementor-widget-button\" data-id=\"e03e16e\" data-element_type=\"widget\" data-widget_type=\"button.default\">\n\t\t\t\t<div class=\"elementor-widget-container\">\n\t\t\t\t\t<div class=\"elementor-button-wrapper\">\n\t\t\t<a class=\"elementor-button elementor-button-link elementor-size-sm\" href=\"https:\/\/www.allpartner.ch\/pt\/kontakt\/\">\n\t\t\t\t\t\t<span class=\"elementor-button-content-wrapper\">\n\t\t\t\t\t\t\t\t\t<span class=\"elementor-button-text\">Offerte anfragen<\/span>\n\t\t\t\t\t<\/span>\n\t\t\t\t\t<\/a>\n\t\t<\/div>\n\t\t\t\t<\/div>\n\t\t\t\t<\/div>\n\t\t\t\t\t<\/div>\n\t\t<\/div>\n\t\t\t\t<div class=\"elementor-column elementor-col-50 elementor-top-column elementor-element elementor-element-36eb822\" data-id=\"36eb822\" data-element_type=\"column\">\n\t\t\t<div class=\"elementor-widget-wrap elementor-element-populated\">\n\t\t\t\t\t\t<section class=\"elementor-section elementor-inner-section elementor-element elementor-element-65fa494 elementor-section-boxed elementor-section-height-default elementor-section-height-default\" data-id=\"65fa494\" data-element_type=\"section\">\n\t\t\t\t\t\t<div class=\"elementor-container elementor-column-gap-default\">\n\t\t\t\t\t<div class=\"elementor-column elementor-col-100 elementor-inner-column elementor-element elementor-element-488aaa2\" data-id=\"488aaa2\" data-element_type=\"column\">\n\t\t\t<div class=\"elementor-widget-wrap\">\n\t\t\t\t\t\t\t<\/div>\n\t\t<\/div>\n\t\t\t\t\t<\/div>\n\t\t<\/section>\n\t\t\t\t\t<\/div>\n\t\t<\/div>\n\t\t\t\t\t<\/div>\n\t\t<\/section>\n\t\t\t\t<\/div>","protected":false},"excerpt":{"rendered":"<p>Jetzt abschliessen Rechtsschutz Die Rechtsschutzversicherung ist in Streitf\u00e4llen f\u00fcr Sie da. Sie sorgt daf\u00fcr, dass Sie auch wirklich Recht bekommen, wo Sie Recht haben. Die Rechtsschutzversicherung unterst\u00fctzt Sie bei privaten und rechtlichen Auseinandersetzungen oder Differenzen, sowie im Zusammenhang mit einem Verkehrsunfall oder bei einem F\u00fchrerausweisentzug. Die Rechtsschutzversicherung hilft Ihnen auch bei vertraglichen Streitigkeiten, zum Beispiel [&hellip;]<\/p>","protected":false},"author":3,"featured_media":35186,"parent":28860,"menu_order":4,"comment_status":"closed","ping_status":"closed","template":"elementor_header_footer","meta":{"footnotes":""},"class_list":["post-33030","page","type-page","status-publish","has-post-thumbnail","hentry"],"aioseo_notices":[],"_links":{"self":[{"href":"https:\/\/www.allpartner.ch\/pt\/wp-json\/wp\/v2\/pages\/33030"}],"collection":[{"href":"https:\/\/www.allpartner.ch\/pt\/wp-json\/wp\/v2\/pages"}],"about":[{"href":"https:\/\/www.allpartner.ch\/pt\/wp-json\/wp\/v2\/types\/page"}],"author":[{"embeddable":true,"href":"https:\/\/www.allpartner.ch\/pt\/wp-json\/wp\/v2\/users\/3"}],"replies":[{"embeddable":true,"href":"https:\/\/www.allpartner.ch\/pt\/wp-json\/wp\/v2\/comments?post=33030"}],"version-history":[{"count":20,"href":"https:\/\/www.allpartner.ch\/pt\/wp-json\/wp\/v2\/pages\/33030\/revisions"}],"predecessor-version":[{"id":35624,"href":"https:\/\/www.allpartner.ch\/pt\/wp-json\/wp\/v2\/pages\/33030\/revisions\/35624"}],"up":[{"embeddable":true,"href":"https:\/\/www.allpartner.ch\/pt\/wp-json\/wp\/v2\/pages\/28860"}],"wp:featuredmedia":[{"embeddable":true,"href":"https:\/\/www.allpartner.ch\/pt\/wp-json\/wp\/v2\/media\/35186"}],"wp:attachment":[{"href":"https:\/\/www.allpartner.ch\/pt\/wp-json\/wp\/v2\/media?parent=33030"}],"curies":[{"name":"wp","href":"https:\/\/api.w.org\/{rel}","templated":true}]}}