{"id":33017,"date":"2020-11-25T16:38:22","date_gmt":"2020-11-25T15:38:22","guid":{"rendered":"http:\/\/allpartner.brentex.ch\/?page_id=33017"},"modified":"2024-12-01T11:36:50","modified_gmt":"2024-12-01T10:36:50","slug":"kombinierte-haushalte","status":"publish","type":"page","link":"https:\/\/www.allpartner.ch\/pt\/privatkunden\/kombinierte-haushalte\/","title":{"rendered":"Kombinierte Haushalte"},"content":{"rendered":"<div data-elementor-type=\"wp-page\" data-elementor-id=\"33017\" class=\"elementor elementor-33017\" data-elementor-post-type=\"page\">\n\t\t\t\t\t\t<section data-dce-background-image-url=\"https:\/\/www.allpartner.ch\/wp-content\/uploads\/2020\/11\/25.jpg\" class=\"elementor-section elementor-top-section elementor-element elementor-element-2ef4bc7 elementor-section-boxed elementor-section-height-default elementor-section-height-default\" data-id=\"2ef4bc7\" data-element_type=\"section\" data-settings=\"{&quot;background_background&quot;:&quot;classic&quot;}\">\n\t\t\t\t\t\t<div class=\"elementor-container elementor-column-gap-default\">\n\t\t\t\t\t<div data-dce-background-color=\"#F2F2F2C7\" class=\"elementor-column elementor-col-50 elementor-top-column elementor-element elementor-element-3f1c4cf\" data-id=\"3f1c4cf\" data-element_type=\"column\" data-settings=\"{&quot;background_background&quot;:&quot;classic&quot;}\">\n\t\t\t<div class=\"elementor-widget-wrap elementor-element-populated\">\n\t\t\t\t\t\t<div class=\"elementor-element elementor-element-46a3205 elementor-widget elementor-widget-heading\" data-id=\"46a3205\" data-element_type=\"widget\" data-widget_type=\"heading.default\">\n\t\t\t\t<div class=\"elementor-widget-container\">\n\t\t\t<h3 class=\"elementor-heading-title elementor-size-default\">Jetzt abschliessen<\/h3>\t\t<\/div>\n\t\t\t\t<\/div>\n\t\t\t\t<div class=\"elementor-element elementor-element-6ceb6cc elementor-widget elementor-widget-heading\" data-id=\"6ceb6cc\" data-element_type=\"widget\" data-widget_type=\"heading.default\">\n\t\t\t\t<div class=\"elementor-widget-container\">\n\t\t\t<h1 class=\"elementor-heading-title elementor-size-default\">Privathaftpflicht & Hausratversicherung<\/h1>\t\t<\/div>\n\t\t\t\t<\/div>\n\t\t\t\t<div class=\"elementor-element elementor-element-90c9f8a elementor-widget elementor-widget-text-editor\" data-id=\"90c9f8a\" data-element_type=\"widget\" data-widget_type=\"text-editor.default\">\n\t\t\t\t<div class=\"elementor-widget-container\">\n\t\t\t\t\t\t\tSie z\u00e4hlen zu den wichtigsten Versicherungen im privaten Bereich. Nicht nur, weil hier sehr h\u00e4ufig Sch\u00e4den eintreten: Aufgrund der m\u00f6glichen Schadensh\u00f6he sch\u00fctzen die Privathaftpflicht und Hausratversicherung Ihre Existenz!\t\t\t\t\t\t<\/div>\n\t\t\t\t<\/div>\n\t\t\t\t\t<\/div>\n\t\t<\/div>\n\t\t\t\t<div class=\"elementor-column elementor-col-50 elementor-top-column elementor-element elementor-element-48a7ab1\" data-id=\"48a7ab1\" data-element_type=\"column\">\n\t\t\t<div class=\"elementor-widget-wrap elementor-element-populated\">\n\t\t\t\t\t\t<section class=\"elementor-section elementor-inner-section elementor-element elementor-element-a9dcf3e elementor-section-boxed elementor-section-height-default elementor-section-height-default\" data-id=\"a9dcf3e\" data-element_type=\"section\">\n\t\t\t\t\t\t<div class=\"elementor-container elementor-column-gap-default\">\n\t\t\t\t\t<div class=\"elementor-column elementor-col-100 elementor-inner-column elementor-element elementor-element-fbf703c\" data-id=\"fbf703c\" data-element_type=\"column\">\n\t\t\t<div class=\"elementor-widget-wrap\">\n\t\t\t\t\t\t\t<\/div>\n\t\t<\/div>\n\t\t\t\t\t<\/div>\n\t\t<\/section>\n\t\t\t\t\t<\/div>\n\t\t<\/div>\n\t\t\t\t\t<\/div>\n\t\t<\/section>\n\t\t\t\t<section class=\"elementor-section elementor-top-section elementor-element elementor-element-50fce76 elementor-section-boxed elementor-section-height-default elementor-section-height-default\" data-id=\"50fce76\" data-element_type=\"section\">\n\t\t\t\t\t\t<div class=\"elementor-container elementor-column-gap-default\">\n\t\t\t\t\t<div class=\"elementor-column elementor-col-50 elementor-top-column elementor-element elementor-element-a995fba\" data-id=\"a995fba\" data-element_type=\"column\">\n\t\t\t<div class=\"elementor-widget-wrap elementor-element-populated\">\n\t\t\t\t\t\t<div class=\"elementor-element elementor-element-c409696 elementor-widget elementor-widget-heading\" data-id=\"c409696\" data-element_type=\"widget\" data-widget_type=\"heading.default\">\n\t\t\t\t<div class=\"elementor-widget-container\">\n\t\t\t<h4 class=\"elementor-heading-title elementor-size-default\">Privathaftpflichtversicherung<\/h4>\t\t<\/div>\n\t\t\t\t<\/div>\n\t\t\t\t<div class=\"elementor-element elementor-element-74bb731 elementor-widget elementor-widget-text-editor\" data-id=\"74bb731\" data-element_type=\"widget\" data-widget_type=\"text-editor.default\">\n\t\t\t\t<div class=\"elementor-widget-container\">\n\t\t\t\t\t\t\tWas ist eine Privathaftpflichtversicherung? Sie ist eine der wichtigsten privaten Versicherungen \u00fcberhaupt, denn sie sch\u00fctzt Sie vor den finanziellen Folgen eines Schadens, den Sie Dritten zuf\u00fcgen. Mit der Privathaftpflichtversicherung sind s\u00e4mtliche gesetzlichen Haftpflichtanspr\u00fcche bis zu maximal 10 Millionen Franken gedeckt.\t\t\t\t\t\t<\/div>\n\t\t\t\t<\/div>\n\t\t\t\t<div class=\"elementor-element elementor-element-8d41037 elementor-align-left elementor-widget elementor-widget-button\" data-id=\"8d41037\" data-element_type=\"widget\" data-widget_type=\"button.default\">\n\t\t\t\t<div class=\"elementor-widget-container\">\n\t\t\t\t\t<div class=\"elementor-button-wrapper\">\n\t\t\t<a class=\"elementor-button elementor-button-link elementor-size-sm\" href=\"https:\/\/www.allpartner.ch\/pt\/kontakt\/\">\n\t\t\t\t\t\t<span class=\"elementor-button-content-wrapper\">\n\t\t\t\t\t\t\t\t\t<span class=\"elementor-button-text\">Offerte anfragen<\/span>\n\t\t\t\t\t<\/span>\n\t\t\t\t\t<\/a>\n\t\t<\/div>\n\t\t\t\t<\/div>\n\t\t\t\t<\/div>\n\t\t\t\t\t<\/div>\n\t\t<\/div>\n\t\t\t\t<div class=\"elementor-column elementor-col-50 elementor-top-column elementor-element elementor-element-699da1d\" data-id=\"699da1d\" data-element_type=\"column\">\n\t\t\t<div class=\"elementor-widget-wrap elementor-element-populated\">\n\t\t\t\t\t\t<div class=\"elementor-element elementor-element-e9ccecb elementor-widget elementor-widget-heading\" data-id=\"e9ccecb\" data-element_type=\"widget\" data-widget_type=\"heading.default\">\n\t\t\t\t<div class=\"elementor-widget-container\">\n\t\t\t<h4 class=\"elementor-heading-title elementor-size-default\">Hausratversicherungen<\/h4>\t\t<\/div>\n\t\t\t\t<\/div>\n\t\t\t\t<div class=\"elementor-element elementor-element-a3dd256 elementor-widget elementor-widget-text-editor\" data-id=\"a3dd256\" data-element_type=\"widget\" data-widget_type=\"text-editor.default\">\n\t\t\t\t<div class=\"elementor-widget-container\">\n\t\t\t\t\t\t\tDie Hausratversicherung sch\u00fctzt Sie vor den finanziellen Folgen von Besch\u00e4digungen Ihrer beweglichen Sachen. Sie k\u00f6nnen sich sogar weltweit gegen einen einfachen Diebstahl ausw\u00e4rts, sowie gegen Verlust und Besch\u00e4digung von Reisegep\u00e4ck versichern. So spielt es keine Rolle mehr, ob sich die Sachen in Ihrem Zuhause befanden, mit Ihnen unterwegs oder gar in den Ferien waren, die Hausratversicherung ersetzt Ihren finanziellen Schaden.\t\t\t\t\t\t<\/div>\n\t\t\t\t<\/div>\n\t\t\t\t<div class=\"elementor-element elementor-element-b1e77dc elementor-align-left elementor-widget elementor-widget-button\" data-id=\"b1e77dc\" data-element_type=\"widget\" data-widget_type=\"button.default\">\n\t\t\t\t<div class=\"elementor-widget-container\">\n\t\t\t\t\t<div class=\"elementor-button-wrapper\">\n\t\t\t<a class=\"elementor-button elementor-button-link elementor-size-sm\" href=\"https:\/\/www.allpartner.ch\/pt\/kontakt\/\">\n\t\t\t\t\t\t<span class=\"elementor-button-content-wrapper\">\n\t\t\t\t\t\t\t\t\t<span class=\"elementor-button-text\">Offerte anfragen<\/span>\n\t\t\t\t\t<\/span>\n\t\t\t\t\t<\/a>\n\t\t<\/div>\n\t\t\t\t<\/div>\n\t\t\t\t<\/div>\n\t\t\t\t\t<\/div>\n\t\t<\/div>\n\t\t\t\t\t<\/div>\n\t\t<\/section>\n\t\t\t\t<\/div>","protected":false},"excerpt":{"rendered":"<p>Jetzt abschliessen Privathaftpflicht &#038; Hausratversicherung Sie z\u00e4hlen zu den wichtigsten Versicherungen im privaten Bereich. Nicht nur, weil hier sehr h\u00e4ufig Sch\u00e4den eintreten: Aufgrund der m\u00f6glichen Schadensh\u00f6he sch\u00fctzen die Privathaftpflicht und Hausratversicherung Ihre Existenz! Privathaftpflichtversicherung Was ist eine Privathaftpflichtversicherung? Sie ist eine der wichtigsten privaten Versicherungen \u00fcberhaupt, denn sie sch\u00fctzt Sie vor den finanziellen Folgen eines [&hellip;]<\/p>","protected":false},"author":3,"featured_media":35186,"parent":28860,"menu_order":2,"comment_status":"closed","ping_status":"closed","template":"elementor_header_footer","meta":{"footnotes":""},"class_list":["post-33017","page","type-page","status-publish","has-post-thumbnail","hentry"],"aioseo_notices":[],"_links":{"self":[{"href":"https:\/\/www.allpartner.ch\/pt\/wp-json\/wp\/v2\/pages\/33017"}],"collection":[{"href":"https:\/\/www.allpartner.ch\/pt\/wp-json\/wp\/v2\/pages"}],"about":[{"href":"https:\/\/www.allpartner.ch\/pt\/wp-json\/wp\/v2\/types\/page"}],"author":[{"embeddable":true,"href":"https:\/\/www.allpartner.ch\/pt\/wp-json\/wp\/v2\/users\/3"}],"replies":[{"embeddable":true,"href":"https:\/\/www.allpartner.ch\/pt\/wp-json\/wp\/v2\/comments?post=33017"}],"version-history":[{"count":35,"href":"https:\/\/www.allpartner.ch\/pt\/wp-json\/wp\/v2\/pages\/33017\/revisions"}],"predecessor-version":[{"id":35618,"href":"https:\/\/www.allpartner.ch\/pt\/wp-json\/wp\/v2\/pages\/33017\/revisions\/35618"}],"up":[{"embeddable":true,"href":"https:\/\/www.allpartner.ch\/pt\/wp-json\/wp\/v2\/pages\/28860"}],"wp:featuredmedia":[{"embeddable":true,"href":"https:\/\/www.allpartner.ch\/pt\/wp-json\/wp\/v2\/media\/35186"}],"wp:attachment":[{"href":"https:\/\/www.allpartner.ch\/pt\/wp-json\/wp\/v2\/media?parent=33017"}],"curies":[{"name":"wp","href":"https:\/\/api.w.org\/{rel}","templated":true}]}}