{"id":30941,"date":"2020-11-04T18:04:05","date_gmt":"2020-11-04T17:04:05","guid":{"rendered":"https:\/\/allpartner.brentex.ch\/?page_id=30941"},"modified":"2026-02-12T11:56:11","modified_gmt":"2026-02-12T10:56:11","slug":"ueber-uns","status":"publish","type":"page","link":"https:\/\/www.allpartner.ch\/pt\/ueber-uns\/","title":{"rendered":"\u00dcber uns"},"content":{"rendered":"<div data-elementor-type=\"wp-page\" data-elementor-id=\"30941\" class=\"elementor elementor-30941\" data-elementor-post-type=\"page\">\n\t\t\t\t\t\t<section data-dce-background-image-url=\"https:\/\/www.allpartner.ch\/wp-content\/uploads\/2022\/07\/Interior-Exterior-6.jpg\" class=\"elementor-section elementor-top-section elementor-element elementor-element-b34155f elementor-section-boxed elementor-section-height-default elementor-section-height-default\" data-id=\"b34155f\" data-element_type=\"section\" data-settings=\"{&quot;background_background&quot;:&quot;classic&quot;}\">\n\t\t\t\t\t\t<div class=\"elementor-container elementor-column-gap-default\">\n\t\t\t\t\t<div data-dce-background-color=\"#F2F2F2C7\" class=\"elementor-column elementor-col-50 elementor-top-column elementor-element elementor-element-8786db7\" data-id=\"8786db7\" data-element_type=\"column\" data-settings=\"{&quot;background_background&quot;:&quot;classic&quot;}\">\n\t\t\t<div class=\"elementor-widget-wrap elementor-element-populated\">\n\t\t\t\t\t\t<div class=\"elementor-element elementor-element-5d8f4dd elementor-widget elementor-widget-heading\" data-id=\"5d8f4dd\" data-element_type=\"widget\" data-widget_type=\"heading.default\">\n\t\t\t\t<div class=\"elementor-widget-container\">\n\t\t\t<h3 class=\"elementor-heading-title elementor-size-default\">All Partner AG<\/h3>\t\t<\/div>\n\t\t\t\t<\/div>\n\t\t\t\t<div class=\"elementor-element elementor-element-9820318 elementor-widget elementor-widget-heading\" data-id=\"9820318\" data-element_type=\"widget\" data-widget_type=\"heading.default\">\n\t\t\t\t<div class=\"elementor-widget-container\">\n\t\t\t<h1 class=\"elementor-heading-title elementor-size-default\">\u00dcber uns<\/h1>\t\t<\/div>\n\t\t\t\t<\/div>\n\t\t\t\t<div class=\"elementor-element elementor-element-3eee7be elementor-widget elementor-widget-text-editor\" data-id=\"3eee7be\" data-element_type=\"widget\" data-widget_type=\"text-editor.default\">\n\t\t\t\t<div class=\"elementor-widget-container\">\n\t\t\t\t\t\t\t<p>Wir sind ein ungebundenes neutrales Beratungsunternehmen aus Oftringen.<\/p><p>Unser Team ist hoch <b>professionell<\/b> und besteht aus Personen, welche <b>langj\u00e4hrige Erfahrungen<\/b> in der Versicherungs- und Finanzierungsbranche haben. Auf diese Weise k\u00f6nnen wir stets die besten L\u00f6sungen f\u00fcr unsere Kunden finden.<\/p>\t\t\t\t\t\t<\/div>\n\t\t\t\t<\/div>\n\t\t\t\t\t<\/div>\n\t\t<\/div>\n\t\t\t\t<div class=\"elementor-column elementor-col-50 elementor-top-column elementor-element elementor-element-e335173\" data-id=\"e335173\" data-element_type=\"column\">\n\t\t\t<div class=\"elementor-widget-wrap elementor-element-populated\">\n\t\t\t\t\t\t<section class=\"elementor-section elementor-inner-section elementor-element elementor-element-9deef52 elementor-section-boxed elementor-section-height-default elementor-section-height-default\" data-id=\"9deef52\" data-element_type=\"section\">\n\t\t\t\t\t\t<div class=\"elementor-container elementor-column-gap-default\">\n\t\t\t\t\t<div class=\"elementor-column elementor-col-100 elementor-inner-column elementor-element elementor-element-41765e3 elementor-hidden-phone\" data-id=\"41765e3\" data-element_type=\"column\">\n\t\t\t<div class=\"elementor-widget-wrap\">\n\t\t\t\t\t\t\t<\/div>\n\t\t<\/div>\n\t\t\t\t\t<\/div>\n\t\t<\/section>\n\t\t\t\t\t<\/div>\n\t\t<\/div>\n\t\t\t\t\t<\/div>\n\t\t<\/section>\n\t\t\t\t<section class=\"elementor-section elementor-top-section elementor-element elementor-element-66495a3 elementor-section-boxed elementor-section-height-default elementor-section-height-default\" data-id=\"66495a3\" data-element_type=\"section\">\n\t\t\t\t\t\t<div class=\"elementor-container elementor-column-gap-default\">\n\t\t\t\t\t<div class=\"elementor-column elementor-col-100 elementor-top-column elementor-element elementor-element-b41e1e0\" data-id=\"b41e1e0\" data-element_type=\"column\">\n\t\t\t<div class=\"elementor-widget-wrap elementor-element-populated\">\n\t\t\t\t\t\t<section data-dce-background-color=\"#333D401A\" data-dce-background-overlay-color=\"#FFFFFF00\" data-dce-background-image-url=\"https:\/\/www.allpartner.ch\/wp-content\/uploads\/2022\/07\/Interior-Exterior-11.jpg\" class=\"elementor-section elementor-inner-section elementor-element elementor-element-6e18afb elementor-section-height-min-height elementor-section-boxed elementor-section-height-default\" data-id=\"6e18afb\" data-element_type=\"section\" data-settings=\"{&quot;background_background&quot;:&quot;classic&quot;}\">\n\t\t\t\t\t\t\t<div class=\"elementor-background-overlay\"><\/div>\n\t\t\t\t\t\t\t<div class=\"elementor-container elementor-column-gap-default\">\n\t\t\t\t\t<div class=\"elementor-column elementor-col-50 elementor-inner-column elementor-element elementor-element-312e0dc\" data-id=\"312e0dc\" data-element_type=\"column\">\n\t\t\t<div class=\"elementor-widget-wrap\">\n\t\t\t\t\t\t\t<\/div>\n\t\t<\/div>\n\t\t\t\t<div class=\"elementor-column elementor-col-50 elementor-inner-column elementor-element elementor-element-e060768\" data-id=\"e060768\" data-element_type=\"column\">\n\t\t\t<div class=\"elementor-widget-wrap elementor-element-populated\">\n\t\t\t\t\t\t<div class=\"elementor-element elementor-element-45a2e7d2 elementor-widget elementor-widget-heading\" data-id=\"45a2e7d2\" data-element_type=\"widget\" data-widget_type=\"heading.default\">\n\t\t\t\t<div class=\"elementor-widget-container\">\n\t\t\t<h1 class=\"elementor-heading-title elementor-size-default\">Vertrauen schaffen! Ambitionen haben!\nChancen erkennen und nutzen!<\/h1>\t\t<\/div>\n\t\t\t\t<\/div>\n\t\t\t\t<div class=\"elementor-element elementor-element-f504323 elementor-widget elementor-widget-text-editor\" data-id=\"f504323\" data-element_type=\"widget\" data-widget_type=\"text-editor.default\">\n\t\t\t\t<div class=\"elementor-widget-container\">\n\t\t\t\t\t\t\t<p>In der Welt der Versicherungen gilt es als Berater, stets das Ziel nicht aus den Augen zu verlieren. Innovation und Initiative sind wichtige Zutaten des Erfolgsrezeptes. Genau diese Innovation m\u00f6chten wir Ihnen n\u00e4her bringen. Die All Partner AG bietet Ihnen die beste M\u00f6glichkeit Ihren Erfolg weiter zu steigern.<\/p><p>Gerne k\u00f6nnen Sie uns kontaktieren und mehr \u00fcber die All Partner AG und unser Team erfahren. Wir freuen uns!<\/p>\t\t\t\t\t\t<\/div>\n\t\t\t\t<\/div>\n\t\t\t\t<div class=\"elementor-element elementor-element-4f693c1 elementor-align-left elementor-tablet-align-left elementor-mobile-align-left elementor-widget elementor-widget-button\" data-id=\"4f693c1\" data-element_type=\"widget\" data-widget_type=\"button.default\">\n\t\t\t\t<div class=\"elementor-widget-container\">\n\t\t\t\t\t<div class=\"elementor-button-wrapper\">\n\t\t\t<a class=\"elementor-button elementor-button-link elementor-size-sm\" href=\"https:\/\/www.allpartner.ch\/pt\/kontakt\/\">\n\t\t\t\t\t\t<span class=\"elementor-button-content-wrapper\">\n\t\t\t\t\t\t\t\t\t<span class=\"elementor-button-text\">Kontakt<\/span>\n\t\t\t\t\t<\/span>\n\t\t\t\t\t<\/a>\n\t\t<\/div>\n\t\t\t\t<\/div>\n\t\t\t\t<\/div>\n\t\t\t\t\t<\/div>\n\t\t<\/div>\n\t\t\t\t\t<\/div>\n\t\t<\/section>\n\t\t\t\t\t<\/div>\n\t\t<\/div>\n\t\t\t\t\t<\/div>\n\t\t<\/section>\n\t\t\t\t<section class=\"elementor-section elementor-top-section elementor-element elementor-element-2628241 elementor-section-boxed elementor-section-height-default elementor-section-height-default\" data-id=\"2628241\" data-element_type=\"section\">\n\t\t\t\t\t\t<div class=\"elementor-container elementor-column-gap-default\">\n\t\t\t\t\t<div class=\"elementor-column elementor-col-33 elementor-top-column elementor-element elementor-element-3a60a03\" data-id=\"3a60a03\" data-element_type=\"column\">\n\t\t\t<div class=\"elementor-widget-wrap elementor-element-populated\">\n\t\t\t\t\t\t<div class=\"elementor-element elementor-element-edd68be elementor-widget elementor-widget-image\" data-id=\"edd68be\" data-element_type=\"widget\" data-widget_type=\"image.default\">\n\t\t\t\t<div class=\"elementor-widget-container\">\n\t\t\t\t\t\t\t\t\t\t\t\t\t<img fetchpriority=\"high\" decoding=\"async\" width=\"731\" height=\"1024\" src=\"https:\/\/www.allpartner.ch\/wp-content\/uploads\/2024\/12\/All-Partner-AG-110-1-1-1-731x1024.jpg\" class=\"attachment-large size-large wp-image-35508\" alt=\"\" srcset=\"https:\/\/www.allpartner.ch\/wp-content\/uploads\/2024\/12\/All-Partner-AG-110-1-1-1-731x1024.jpg 731w, https:\/\/www.allpartner.ch\/wp-content\/uploads\/2024\/12\/All-Partner-AG-110-1-1-1-214x300.jpg 214w, https:\/\/www.allpartner.ch\/wp-content\/uploads\/2024\/12\/All-Partner-AG-110-1-1-1-768x1076.jpg 768w, https:\/\/www.allpartner.ch\/wp-content\/uploads\/2024\/12\/All-Partner-AG-110-1-1-1-1097x1536.jpg 1097w, https:\/\/www.allpartner.ch\/wp-content\/uploads\/2024\/12\/All-Partner-AG-110-1-1-1-9x12.jpg 9w, https:\/\/www.allpartner.ch\/wp-content\/uploads\/2024\/12\/All-Partner-AG-110-1-1-1.jpg 1366w\" sizes=\"(max-width: 731px) 100vw, 731px\" \/>\t\t\t\t\t\t\t\t\t\t\t\t\t<\/div>\n\t\t\t\t<\/div>\n\t\t\t\t<div class=\"elementor-element elementor-element-cde3463 elementor-widget elementor-widget-heading\" data-id=\"cde3463\" data-element_type=\"widget\" data-widget_type=\"heading.default\">\n\t\t\t\t<div class=\"elementor-widget-container\">\n\t\t\t<h5 class=\"elementor-heading-title elementor-size-default\">Agron Halitaj<\/h5>\t\t<\/div>\n\t\t\t\t<\/div>\n\t\t\t\t<div class=\"elementor-element elementor-element-8d4d0d5 elementor-widget elementor-widget-text-editor\" data-id=\"8d4d0d5\" data-element_type=\"widget\" data-widget_type=\"text-editor.default\">\n\t\t\t\t<div class=\"elementor-widget-container\">\n\t\t\t\t\t\t\t<p><span style=\"color: #000000;\">Mandatsleiter<\/span><br \/><span style=\"color: #000000;\">Mitglied der Gesch\u00e4ftsleitung<\/span><\/p><p><span style=\"color: #000000;\">Zentrale: <a style=\"color: #000000;\" href=\"tel:0622120006\">+41 62 212 00 06<\/a><\/span><br \/><span style=\"color: #000000;\">Mobile: <a style=\"color: #000000;\" href=\"tel:0787674738\">+41 78 767 47 38<\/a><\/span><br \/><span style=\"color: #000000;\">E-Mail: <a style=\"color: #000000;\" href=\"mailto:ah@allpartner.ch\">ah@allpartner.ch<\/a><\/span><\/p>\t\t\t\t\t\t<\/div>\n\t\t\t\t<\/div>\n\t\t\t\t\t<\/div>\n\t\t<\/div>\n\t\t\t\t<div class=\"elementor-column elementor-col-33 elementor-top-column elementor-element elementor-element-0d6bda9\" data-id=\"0d6bda9\" data-element_type=\"column\">\n\t\t\t<div class=\"elementor-widget-wrap elementor-element-populated\">\n\t\t\t\t\t\t<div class=\"elementor-element elementor-element-7ef3b9f elementor-widget elementor-widget-image\" data-id=\"7ef3b9f\" data-element_type=\"widget\" data-widget_type=\"image.default\">\n\t\t\t\t<div class=\"elementor-widget-container\">\n\t\t\t\t\t\t\t\t\t\t\t\t\t<img decoding=\"async\" width=\"1366\" height=\"1913\" src=\"https:\/\/www.allpartner.ch\/wp-content\/uploads\/2024\/12\/img-2.png\" class=\"attachment-full size-full wp-image-35509\" alt=\"\" srcset=\"https:\/\/www.allpartner.ch\/wp-content\/uploads\/2024\/12\/img-2.png 1366w, https:\/\/www.allpartner.ch\/wp-content\/uploads\/2024\/12\/img-2-214x300.png 214w, https:\/\/www.allpartner.ch\/wp-content\/uploads\/2024\/12\/img-2-731x1024.png 731w, https:\/\/www.allpartner.ch\/wp-content\/uploads\/2024\/12\/img-2-768x1076.png 768w, https:\/\/www.allpartner.ch\/wp-content\/uploads\/2024\/12\/img-2-1097x1536.png 1097w, https:\/\/www.allpartner.ch\/wp-content\/uploads\/2024\/12\/img-2-9x12.png 9w\" sizes=\"(max-width: 1366px) 100vw, 1366px\" \/>\t\t\t\t\t\t\t\t\t\t\t\t\t<\/div>\n\t\t\t\t<\/div>\n\t\t\t\t<div class=\"elementor-element elementor-element-d6301f4 elementor-widget elementor-widget-heading\" data-id=\"d6301f4\" data-element_type=\"widget\" data-widget_type=\"heading.default\">\n\t\t\t\t<div class=\"elementor-widget-container\">\n\t\t\t<h5 class=\"elementor-heading-title elementor-size-default\">Serdar Eser<\/h5>\t\t<\/div>\n\t\t\t\t<\/div>\n\t\t\t\t<div class=\"elementor-element elementor-element-95d5e27 elementor-widget elementor-widget-text-editor\" data-id=\"95d5e27\" data-element_type=\"widget\" data-widget_type=\"text-editor.default\">\n\t\t\t\t<div class=\"elementor-widget-container\">\n\t\t\t\t\t\t\t<p><span style=\"color: #000000;\">Mandatsleiter<\/span><br \/><span style=\"color: #000000;\">Mitglied der Gesch\u00e4ftsleitung<\/span><\/p><p><span style=\"color: #000000;\">Zentrale: <a style=\"color: #000000;\" href=\"tel:0622120006\">+41 62 212 00 06<\/a><\/span><br \/><span style=\"color: #000000;\">Mobile: <a style=\"color: #000000;\" href=\"tel:0622120006\">+41 79 159 87 59<\/a><\/span><br \/><span style=\"color: #000000;\">E-Mail: <a style=\"color: #000000;\" href=\"mailto:se@allpartner.ch\">se@allpartner.ch<\/a><\/span><\/p>\t\t\t\t\t\t<\/div>\n\t\t\t\t<\/div>\n\t\t\t\t\t<\/div>\n\t\t<\/div>\n\t\t\t\t<div class=\"elementor-column elementor-col-33 elementor-top-column elementor-element elementor-element-7049be7\" data-id=\"7049be7\" data-element_type=\"column\">\n\t\t\t<div class=\"elementor-widget-wrap elementor-element-populated\">\n\t\t\t\t\t\t<div class=\"elementor-element elementor-element-1456890 elementor-widget elementor-widget-image\" data-id=\"1456890\" data-element_type=\"widget\" data-widget_type=\"image.default\">\n\t\t\t\t<div class=\"elementor-widget-container\">\n\t\t\t\t\t\t\t\t\t\t\t\t\t<img decoding=\"async\" width=\"1233\" height=\"1727\" src=\"https:\/\/www.allpartner.ch\/wp-content\/uploads\/2025\/05\/All-Partner-Hasan-Tuemoglu.jpg\" class=\"attachment-full size-full wp-image-35740\" alt=\"\" srcset=\"https:\/\/www.allpartner.ch\/wp-content\/uploads\/2025\/05\/All-Partner-Hasan-Tuemoglu.jpg 1233w, https:\/\/www.allpartner.ch\/wp-content\/uploads\/2025\/05\/All-Partner-Hasan-Tuemoglu-214x300.jpg 214w, https:\/\/www.allpartner.ch\/wp-content\/uploads\/2025\/05\/All-Partner-Hasan-Tuemoglu-731x1024.jpg 731w, https:\/\/www.allpartner.ch\/wp-content\/uploads\/2025\/05\/All-Partner-Hasan-Tuemoglu-768x1076.jpg 768w, https:\/\/www.allpartner.ch\/wp-content\/uploads\/2025\/05\/All-Partner-Hasan-Tuemoglu-1097x1536.jpg 1097w, https:\/\/www.allpartner.ch\/wp-content\/uploads\/2025\/05\/All-Partner-Hasan-Tuemoglu-9x12.jpg 9w\" sizes=\"(max-width: 1233px) 100vw, 1233px\" \/>\t\t\t\t\t\t\t\t\t\t\t\t\t<\/div>\n\t\t\t\t<\/div>\n\t\t\t\t<div class=\"elementor-element elementor-element-0eee30d elementor-widget elementor-widget-heading\" data-id=\"0eee30d\" data-element_type=\"widget\" data-widget_type=\"heading.default\">\n\t\t\t\t<div class=\"elementor-widget-container\">\n\t\t\t<h5 class=\"elementor-heading-title elementor-size-default\">Hasan T\u00fcmoglu<\/h5>\t\t<\/div>\n\t\t\t\t<\/div>\n\t\t\t\t<div class=\"elementor-element elementor-element-5cf4b08 elementor-widget elementor-widget-text-editor\" data-id=\"5cf4b08\" data-element_type=\"widget\" data-widget_type=\"text-editor.default\">\n\t\t\t\t<div class=\"elementor-widget-container\">\n\t\t\t\t\t\t\t<p><span style=\"color: #000000;\">Mandatsleiter<\/span><br \/><span style=\"color: #000000;\">Mitglied der Gesch\u00e4ftsleitung<\/span><\/p><p><span style=\"color: #000000;\">Zentrale: <a style=\"color: #000000;\" href=\"tel:0622120006\">+41 62 212 00 06<\/a><\/span><br \/><span style=\"color: #000000;\">Mobile: <a style=\"color: #000000;\" href=\"tel:0794327149\">+41 79 432 71 49<\/a><\/span><br \/><span style=\"color: #000000;\">E-Mail: <a style=\"color: #000000;\" href=\"mailto:ht@allpartner.ch\">ht@allpartner.ch<\/a><\/span><\/p>\t\t\t\t\t\t<\/div>\n\t\t\t\t<\/div>\n\t\t\t\t\t<\/div>\n\t\t<\/div>\n\t\t\t\t\t<\/div>\n\t\t<\/section>\n\t\t\t\t<section class=\"elementor-section elementor-top-section elementor-element elementor-element-7496f14 elementor-section-boxed elementor-section-height-default elementor-section-height-default\" data-id=\"7496f14\" data-element_type=\"section\">\n\t\t\t\t\t\t<div class=\"elementor-container elementor-column-gap-default\">\n\t\t\t\t\t<div class=\"elementor-column elementor-col-33 elementor-top-column elementor-element elementor-element-78e10c7\" data-id=\"78e10c7\" data-element_type=\"column\">\n\t\t\t<div class=\"elementor-widget-wrap elementor-element-populated\">\n\t\t\t\t\t\t<div class=\"elementor-element elementor-element-606adb1 elementor-widget elementor-widget-image\" data-id=\"606adb1\" data-element_type=\"widget\" data-widget_type=\"image.default\">\n\t\t\t\t<div class=\"elementor-widget-container\">\n\t\t\t\t\t\t\t\t\t\t\t\t\t<img loading=\"lazy\" decoding=\"async\" width=\"1366\" height=\"1913\" src=\"https:\/\/www.allpartner.ch\/wp-content\/uploads\/2024\/12\/img-1.png\" class=\"attachment-full size-full wp-image-35510\" alt=\"\" srcset=\"https:\/\/www.allpartner.ch\/wp-content\/uploads\/2024\/12\/img-1.png 1366w, https:\/\/www.allpartner.ch\/wp-content\/uploads\/2024\/12\/img-1-214x300.png 214w, https:\/\/www.allpartner.ch\/wp-content\/uploads\/2024\/12\/img-1-731x1024.png 731w, https:\/\/www.allpartner.ch\/wp-content\/uploads\/2024\/12\/img-1-768x1076.png 768w, https:\/\/www.allpartner.ch\/wp-content\/uploads\/2024\/12\/img-1-1097x1536.png 1097w, https:\/\/www.allpartner.ch\/wp-content\/uploads\/2024\/12\/img-1-9x12.png 9w\" sizes=\"(max-width: 1366px) 100vw, 1366px\" \/>\t\t\t\t\t\t\t\t\t\t\t\t\t<\/div>\n\t\t\t\t<\/div>\n\t\t\t\t<div class=\"elementor-element elementor-element-98c19f0 elementor-widget elementor-widget-heading\" data-id=\"98c19f0\" data-element_type=\"widget\" data-widget_type=\"heading.default\">\n\t\t\t\t<div class=\"elementor-widget-container\">\n\t\t\t<h5 class=\"elementor-heading-title elementor-size-default\">Adriano Sabato<\/h5>\t\t<\/div>\n\t\t\t\t<\/div>\n\t\t\t\t<div class=\"elementor-element elementor-element-dd76164 elementor-widget elementor-widget-text-editor\" data-id=\"dd76164\" data-element_type=\"widget\" data-widget_type=\"text-editor.default\">\n\t\t\t\t<div class=\"elementor-widget-container\">\n\t\t\t\t\t\t\t<p><span style=\"color: #000000;\">Mandatsleiter<\/span><br \/><span style=\"color: #000000;\">Gesch\u00e4ftsf\u00fchrer<\/span><\/p><p><span style=\"color: #000000;\">Zentrale: <a style=\"color: #000000;\" href=\"tel:0622120006\">+41 62 212 00 06<\/a><\/span><br \/><span style=\"color: #000000;\">Mobile: <a style=\"color: #000000;\" href=\"tel:0798684322\">+41 79 868 43 22<\/a><\/span><br \/><span style=\"color: #000000;\">E-Mail: <a style=\"color: #000000;\" href=\"mailto:as@allpartner.ch\">as@allpartner.ch<\/a><\/span><\/p>\t\t\t\t\t\t<\/div>\n\t\t\t\t<\/div>\n\t\t\t\t\t<\/div>\n\t\t<\/div>\n\t\t\t\t<div class=\"elementor-column elementor-col-33 elementor-top-column elementor-element elementor-element-cfb4c16\" data-id=\"cfb4c16\" data-element_type=\"column\">\n\t\t\t<div class=\"elementor-widget-wrap elementor-element-populated\">\n\t\t\t\t\t\t<div class=\"elementor-element elementor-element-a902dd2 elementor-widget elementor-widget-image\" data-id=\"a902dd2\" data-element_type=\"widget\" data-widget_type=\"image.default\">\n\t\t\t\t<div class=\"elementor-widget-container\">\n\t\t\t\t\t\t\t\t\t\t\t\t\t<img loading=\"lazy\" decoding=\"async\" width=\"1366\" height=\"1913\" src=\"https:\/\/www.allpartner.ch\/wp-content\/uploads\/2024\/12\/img-4.png\" class=\"attachment-full size-full wp-image-35511\" alt=\"\" srcset=\"https:\/\/www.allpartner.ch\/wp-content\/uploads\/2024\/12\/img-4.png 1366w, https:\/\/www.allpartner.ch\/wp-content\/uploads\/2024\/12\/img-4-214x300.png 214w, https:\/\/www.allpartner.ch\/wp-content\/uploads\/2024\/12\/img-4-731x1024.png 731w, https:\/\/www.allpartner.ch\/wp-content\/uploads\/2024\/12\/img-4-768x1076.png 768w, https:\/\/www.allpartner.ch\/wp-content\/uploads\/2024\/12\/img-4-1097x1536.png 1097w, https:\/\/www.allpartner.ch\/wp-content\/uploads\/2024\/12\/img-4-9x12.png 9w\" sizes=\"(max-width: 1366px) 100vw, 1366px\" \/>\t\t\t\t\t\t\t\t\t\t\t\t\t<\/div>\n\t\t\t\t<\/div>\n\t\t\t\t<div class=\"elementor-element elementor-element-bed8582 elementor-widget elementor-widget-heading\" data-id=\"bed8582\" data-element_type=\"widget\" data-widget_type=\"heading.default\">\n\t\t\t\t<div class=\"elementor-widget-container\">\n\t\t\t<h5 class=\"elementor-heading-title elementor-size-default\">Blenda Dervishi<\/h5>\t\t<\/div>\n\t\t\t\t<\/div>\n\t\t\t\t<div class=\"elementor-element elementor-element-8f29cca elementor-widget elementor-widget-text-editor\" data-id=\"8f29cca\" data-element_type=\"widget\" data-widget_type=\"text-editor.default\">\n\t\t\t\t<div class=\"elementor-widget-container\">\n\t\t\t\t\t\t\t<p><span style=\"color: #000000;\">Sachbearbeiterin Innendienst<\/span><\/p><p><span style=\"color: #000000;\">Tel: <a style=\"color: #000000;\" href=\"tel:0622120006\">+41 62 212 00 06<\/a><\/span><br \/><span style=\"color: #000000;\">E-Mail: <a style=\"color: #000000;\" href=\"mailto:bd@allpartner.ch\">bd@allpartner.ch<\/a><\/span><\/p>\t\t\t\t\t\t<\/div>\n\t\t\t\t<\/div>\n\t\t\t\t\t<\/div>\n\t\t<\/div>\n\t\t\t\t<div class=\"elementor-column elementor-col-33 elementor-top-column elementor-element elementor-element-3644560\" data-id=\"3644560\" data-element_type=\"column\">\n\t\t\t<div class=\"elementor-widget-wrap elementor-element-populated\">\n\t\t\t\t\t\t<div class=\"elementor-element elementor-element-0f327ed elementor-widget elementor-widget-image\" data-id=\"0f327ed\" data-element_type=\"widget\" data-widget_type=\"image.default\">\n\t\t\t\t<div class=\"elementor-widget-container\">\n\t\t\t\t\t\t\t\t\t\t\t\t\t<img loading=\"lazy\" decoding=\"async\" width=\"1366\" height=\"1913\" src=\"https:\/\/www.allpartner.ch\/wp-content\/uploads\/2026\/02\/Kein-Titel-1366-x-1913-px.png\" class=\"attachment-full size-full wp-image-35851\" alt=\"\" srcset=\"https:\/\/www.allpartner.ch\/wp-content\/uploads\/2026\/02\/Kein-Titel-1366-x-1913-px.png 1366w, https:\/\/www.allpartner.ch\/wp-content\/uploads\/2026\/02\/Kein-Titel-1366-x-1913-px-214x300.png 214w, https:\/\/www.allpartner.ch\/wp-content\/uploads\/2026\/02\/Kein-Titel-1366-x-1913-px-731x1024.png 731w, https:\/\/www.allpartner.ch\/wp-content\/uploads\/2026\/02\/Kein-Titel-1366-x-1913-px-768x1076.png 768w, https:\/\/www.allpartner.ch\/wp-content\/uploads\/2026\/02\/Kein-Titel-1366-x-1913-px-1097x1536.png 1097w, https:\/\/www.allpartner.ch\/wp-content\/uploads\/2026\/02\/Kein-Titel-1366-x-1913-px-9x12.png 9w\" sizes=\"(max-width: 1366px) 100vw, 1366px\" \/>\t\t\t\t\t\t\t\t\t\t\t\t\t<\/div>\n\t\t\t\t<\/div>\n\t\t\t\t<div class=\"elementor-element elementor-element-fb6167e elementor-widget elementor-widget-heading\" data-id=\"fb6167e\" data-element_type=\"widget\" data-widget_type=\"heading.default\">\n\t\t\t\t<div class=\"elementor-widget-container\">\n\t\t\t<h5 class=\"elementor-heading-title elementor-size-default\">Flutur Elezi<\/h5>\t\t<\/div>\n\t\t\t\t<\/div>\n\t\t\t\t<div class=\"elementor-element elementor-element-14da41a elementor-widget elementor-widget-text-editor\" data-id=\"14da41a\" data-element_type=\"widget\" data-widget_type=\"text-editor.default\">\n\t\t\t\t<div class=\"elementor-widget-container\">\n\t\t\t\t\t\t\t<p><span style=\"color: #000000;\">Sachbearbeiterin Innendienst<\/span><\/p><p><span style=\"color: #000000;\">Tel: <a style=\"color: #000000;\" href=\"tel:0622120006\">+41 62 212 00 06<\/a><\/span><br \/><span style=\"color: #000000;\">E-Mail: fle@allpartner.ch<\/span><\/p>\t\t\t\t\t\t<\/div>\n\t\t\t\t<\/div>\n\t\t\t\t\t<\/div>\n\t\t<\/div>\n\t\t\t\t\t<\/div>\n\t\t<\/section>\n\t\t\t\t<\/div>","protected":false},"excerpt":{"rendered":"<p>All Partner AG \u00dcber uns Wir sind ein ungebundenes neutrales Beratungsunternehmen aus Oftringen. Unser Team ist hoch professionell und besteht aus Personen, welche langj\u00e4hrige Erfahrungen in der Versicherungs- und Finanzierungsbranche haben. Auf diese Weise k\u00f6nnen wir stets die besten L\u00f6sungen f\u00fcr unsere Kunden finden. Vertrauen schaffen! Ambitionen haben! Chancen erkennen und nutzen! In der Welt [&hellip;]<\/p>","protected":false},"author":3,"featured_media":35186,"parent":0,"menu_order":7,"comment_status":"closed","ping_status":"closed","template":"elementor_header_footer","meta":{"footnotes":""},"class_list":["post-30941","page","type-page","status-publish","has-post-thumbnail","hentry"],"aioseo_notices":[],"_links":{"self":[{"href":"https:\/\/www.allpartner.ch\/pt\/wp-json\/wp\/v2\/pages\/30941"}],"collection":[{"href":"https:\/\/www.allpartner.ch\/pt\/wp-json\/wp\/v2\/pages"}],"about":[{"href":"https:\/\/www.allpartner.ch\/pt\/wp-json\/wp\/v2\/types\/page"}],"author":[{"embeddable":true,"href":"https:\/\/www.allpartner.ch\/pt\/wp-json\/wp\/v2\/users\/3"}],"replies":[{"embeddable":true,"href":"https:\/\/www.allpartner.ch\/pt\/wp-json\/wp\/v2\/comments?post=30941"}],"version-history":[{"count":198,"href":"https:\/\/www.allpartner.ch\/pt\/wp-json\/wp\/v2\/pages\/30941\/revisions"}],"predecessor-version":[{"id":35854,"href":"https:\/\/www.allpartner.ch\/pt\/wp-json\/wp\/v2\/pages\/30941\/revisions\/35854"}],"wp:featuredmedia":[{"embeddable":true,"href":"https:\/\/www.allpartner.ch\/pt\/wp-json\/wp\/v2\/media\/35186"}],"wp:attachment":[{"href":"https:\/\/www.allpartner.ch\/pt\/wp-json\/wp\/v2\/media?parent=30941"}],"curies":[{"name":"wp","href":"https:\/\/api.w.org\/{rel}","templated":true}]}}