{"id":33060,"date":"2020-11-25T16:57:47","date_gmt":"2020-11-25T15:57:47","guid":{"rendered":"http:\/\/allpartner.brentex.ch\/?page_id=33060"},"modified":"2024-12-01T11:41:48","modified_gmt":"2024-12-01T10:41:48","slug":"betriebshaftpflicht","status":"publish","type":"page","link":"https:\/\/www.allpartner.ch\/it\/geschaeftskunden\/betriebshaftpflicht\/","title":{"rendered":"Responsabilit\u00e0 pubblica"},"content":{"rendered":"<div data-elementor-type=\"wp-page\" data-elementor-id=\"33060\" class=\"elementor elementor-33060\" data-elementor-post-type=\"page\">\n\t\t\t\t\t\t<section data-dce-background-image-url=\"https:\/\/www.allpartner.ch\/wp-content\/uploads\/2020\/11\/scott-graham-5fNmWej4tAA-unsplash.jpg\" class=\"elementor-section elementor-top-section elementor-element elementor-element-4af5225b elementor-section-boxed elementor-section-height-default elementor-section-height-default\" data-id=\"4af5225b\" data-element_type=\"section\" data-settings=\"{&quot;background_background&quot;:&quot;classic&quot;}\">\n\t\t\t\t\t\t<div class=\"elementor-container elementor-column-gap-default\">\n\t\t\t\t\t<div data-dce-background-color=\"#F2F2F2DB\" class=\"elementor-column elementor-col-50 elementor-top-column elementor-element elementor-element-1bdeba3c\" data-id=\"1bdeba3c\" data-element_type=\"column\" data-settings=\"{&quot;background_background&quot;:&quot;classic&quot;}\">\n\t\t\t<div class=\"elementor-widget-wrap elementor-element-populated\">\n\t\t\t\t\t\t<div class=\"elementor-element elementor-element-60c352e elementor-widget elementor-widget-heading\" data-id=\"60c352e\" data-element_type=\"widget\" data-widget_type=\"heading.default\">\n\t\t\t\t<div class=\"elementor-widget-container\">\n\t\t\t<h4 class=\"elementor-heading-title elementor-size-default\">Jetzt abschliessen<\/h4>\t\t<\/div>\n\t\t\t\t<\/div>\n\t\t\t\t<div class=\"elementor-element elementor-element-64db5dde elementor-widget elementor-widget-heading\" data-id=\"64db5dde\" data-element_type=\"widget\" data-widget_type=\"heading.default\">\n\t\t\t\t<div class=\"elementor-widget-container\">\n\t\t\t<h2 class=\"elementor-heading-title elementor-size-default\">Responsabilit\u00e0 pubblica<\/h2>\t\t<\/div>\n\t\t\t\t<\/div>\n\t\t\t\t<div class=\"elementor-element elementor-element-5dfd8653 elementor-widget elementor-widget-text-editor\" data-id=\"5dfd8653\" data-element_type=\"widget\" data-widget_type=\"text-editor.default\">\n\t\t\t\t<div class=\"elementor-widget-container\">\n\t\t\t\t\t\t\tWas f\u00fcr Einzelpersonen die Privathaftpflicht ist, ist f\u00fcr den Unternehmer die Betriebshaftpflicht. Sie leistet dort, wo Schadensersatz gefordert wird. Die Haftpflichtversicherung \u00fcbernimmt gerechtfertigte Schadenersatzanspr\u00fcche und wehrt alle anderen Forderungen f\u00fcr Sie ab.\t\t\t\t\t\t<\/div>\n\t\t\t\t<\/div>\n\t\t\t\t<div class=\"elementor-element elementor-element-ef1304c elementor-align-center elementor-widget elementor-widget-button\" data-id=\"ef1304c\" data-element_type=\"widget\" data-widget_type=\"button.default\">\n\t\t\t\t<div class=\"elementor-widget-container\">\n\t\t\t\t\t<div class=\"elementor-button-wrapper\">\n\t\t\t<a class=\"elementor-button elementor-button-link elementor-size-sm\" href=\"https:\/\/www.allpartner.ch\/it\/kontakt\/\">\n\t\t\t\t\t\t<span class=\"elementor-button-content-wrapper\">\n\t\t\t\t\t\t\t\t\t<span class=\"elementor-button-text\">Richiedete un preventivo<\/span>\n\t\t\t\t\t<\/span>\n\t\t\t\t\t<\/a>\n\t\t<\/div>\n\t\t\t\t<\/div>\n\t\t\t\t<\/div>\n\t\t\t\t\t<\/div>\n\t\t<\/div>\n\t\t\t\t<div class=\"elementor-column elementor-col-50 elementor-top-column elementor-element elementor-element-72a49920\" data-id=\"72a49920\" data-element_type=\"column\">\n\t\t\t<div class=\"elementor-widget-wrap\">\n\t\t\t\t\t\t\t<\/div>\n\t\t<\/div>\n\t\t\t\t\t<\/div>\n\t\t<\/section>\n\t\t\t\t<section class=\"elementor-section elementor-top-section elementor-element elementor-element-d418a49 elementor-section-boxed elementor-section-height-default elementor-section-height-default\" data-id=\"d418a49\" data-element_type=\"section\">\n\t\t\t\t\t\t<div class=\"elementor-container elementor-column-gap-default\">\n\t\t\t\t\t<div class=\"elementor-column elementor-col-100 elementor-top-column elementor-element elementor-element-606a756\" data-id=\"606a756\" data-element_type=\"column\">\n\t\t\t<div class=\"elementor-widget-wrap elementor-element-populated\">\n\t\t\t\t\t\t<div class=\"elementor-element elementor-element-d73e0d8 elementor-widget elementor-widget-heading\" data-id=\"d73e0d8\" data-element_type=\"widget\" data-widget_type=\"heading.default\">\n\t\t\t\t<div class=\"elementor-widget-container\">\n\t\t\t<h1 class=\"elementor-heading-title elementor-size-default\">Fondamentalmente, l'attivit\u00e0 imprenditoriale crea tre aree di rischio o pericolo, vale a dire:<\/h1>\t\t<\/div>\n\t\t\t\t<\/div>\n\t\t\t\t\t<\/div>\n\t\t<\/div>\n\t\t\t\t\t<\/div>\n\t\t<\/section>\n\t\t\t\t<section class=\"elementor-section elementor-top-section elementor-element elementor-element-e15267d elementor-section-boxed elementor-section-height-default elementor-section-height-default\" data-id=\"e15267d\" data-element_type=\"section\">\n\t\t\t\t\t\t<div class=\"elementor-container elementor-column-gap-default\">\n\t\t\t\t\t<div data-dce-background-color=\"#F2F2F2\" class=\"elementor-column elementor-col-33 elementor-top-column elementor-element elementor-element-3b7d4cb\" data-id=\"3b7d4cb\" data-element_type=\"column\" data-settings=\"{&quot;background_background&quot;:&quot;classic&quot;}\">\n\t\t\t<div class=\"elementor-widget-wrap elementor-element-populated\">\n\t\t\t\t\t\t<div class=\"elementor-element elementor-element-f625f05 elementor-widget elementor-widget-heading\" data-id=\"f625f05\" data-element_type=\"widget\" data-widget_type=\"heading.default\">\n\t\t\t\t<div class=\"elementor-widget-container\">\n\t\t\t<h4 class=\"elementor-heading-title elementor-size-default\">Rischio di investimento<\/h4>\t\t<\/div>\n\t\t\t\t<\/div>\n\t\t\t\t<div class=\"elementor-element elementor-element-fc46cd2 elementor-widget elementor-widget-text-editor\" data-id=\"fc46cd2\" data-element_type=\"widget\" data-widget_type=\"text-editor.default\">\n\t\t\t\t<div class=\"elementor-widget-container\">\n\t\t\t\t\t\t\tIn qualit\u00e0 di proprietario di terreni, edifici o attrezzature, siete responsabili di tutto ci\u00f2 che accade sulla vostra propriet\u00e0. \t\t\t\t\t\t<\/div>\n\t\t\t\t<\/div>\n\t\t\t\t\t<\/div>\n\t\t<\/div>\n\t\t\t\t<div data-dce-background-color=\"#F2F2F2\" class=\"elementor-column elementor-col-33 elementor-top-column elementor-element elementor-element-b0ed960\" data-id=\"b0ed960\" data-element_type=\"column\" data-settings=\"{&quot;background_background&quot;:&quot;classic&quot;}\">\n\t\t\t<div class=\"elementor-widget-wrap elementor-element-populated\">\n\t\t\t\t\t\t<div class=\"elementor-element elementor-element-5c94580 elementor-widget elementor-widget-heading\" data-id=\"5c94580\" data-element_type=\"widget\" data-widget_type=\"heading.default\">\n\t\t\t\t<div class=\"elementor-widget-container\">\n\t\t\t<h4 class=\"elementor-heading-title elementor-size-default\">Rischio operativo\/professionale<\/h4>\t\t<\/div>\n\t\t\t\t<\/div>\n\t\t\t\t<div class=\"elementor-element elementor-element-8cff3f4 elementor-widget elementor-widget-text-editor\" data-id=\"8cff3f4\" data-element_type=\"widget\" data-widget_type=\"text-editor.default\">\n\t\t\t\t<div class=\"elementor-widget-container\">\n\t\t\t\t\t\t\tIn qualit\u00e0 di imprenditore, siete responsabili delle vostre attivit\u00e0 professionali e delle azioni dei vostri dipendenti, nonch\u00e9 dell'omissione di misure importanti all'interno dell'azienda.\t\t\t\t\t\t<\/div>\n\t\t\t\t<\/div>\n\t\t\t\t\t<\/div>\n\t\t<\/div>\n\t\t\t\t<div data-dce-background-color=\"#F2F2F2\" class=\"elementor-column elementor-col-33 elementor-top-column elementor-element elementor-element-42d650b\" data-id=\"42d650b\" data-element_type=\"column\" data-settings=\"{&quot;background_background&quot;:&quot;classic&quot;}\">\n\t\t\t<div class=\"elementor-widget-wrap elementor-element-populated\">\n\t\t\t\t\t\t<div class=\"elementor-element elementor-element-26b0e78 elementor-widget elementor-widget-heading\" data-id=\"26b0e78\" data-element_type=\"widget\" data-widget_type=\"heading.default\">\n\t\t\t\t<div class=\"elementor-widget-container\">\n\t\t\t<h4 class=\"elementor-heading-title elementor-size-default\">Rischio del prodotto<\/h4>\t\t<\/div>\n\t\t\t\t<\/div>\n\t\t\t\t<div class=\"elementor-element elementor-element-cbbc83d elementor-widget elementor-widget-text-editor\" data-id=\"cbbc83d\" data-element_type=\"widget\" data-widget_type=\"text-editor.default\">\n\t\t\t\t<div class=\"elementor-widget-container\">\n\t\t\t\t\t\t\tIn qualit\u00e0 di produttore, siete responsabili dei vostri prodotti dalla produzione all'uso da parte del consumatore finale. \t\t\t\t\t\t<\/div>\n\t\t\t\t<\/div>\n\t\t\t\t\t<\/div>\n\t\t<\/div>\n\t\t\t\t\t<\/div>\n\t\t<\/section>\n\t\t\t\t<\/div>","protected":false},"excerpt":{"rendered":"<p>Jetzt abschliessen Betriebshaftpflicht Was f\u00fcr Einzelpersonen die Privathaftpflicht ist, ist f\u00fcr den Unternehmer die Betriebshaftpflicht. Sie leistet dort, wo Schadensersatz gefordert wird. Die Haftpflichtversicherung \u00fcbernimmt gerechtfertigte Schadenersatzanspr\u00fcche und wehrt alle anderen Forderungen f\u00fcr Sie ab. Offerte anfragen Grunds\u00e4tzlich schafft die unternehmerische T\u00e4tigkeit drei Risiko- oder Gefahrenbereiche, n\u00e4mlich: Anlagerisiko Als Eigent\u00fcmer von Grundst\u00fccken, Geb\u00e4uden oder Anlagen [&hellip;]<\/p>","protected":false},"author":3,"featured_media":35186,"parent":29277,"menu_order":1,"comment_status":"closed","ping_status":"closed","template":"elementor_header_footer","meta":{"footnotes":""},"class_list":["post-33060","page","type-page","status-publish","has-post-thumbnail","hentry"],"aioseo_notices":[],"_links":{"self":[{"href":"https:\/\/www.allpartner.ch\/it\/wp-json\/wp\/v2\/pages\/33060"}],"collection":[{"href":"https:\/\/www.allpartner.ch\/it\/wp-json\/wp\/v2\/pages"}],"about":[{"href":"https:\/\/www.allpartner.ch\/it\/wp-json\/wp\/v2\/types\/page"}],"author":[{"embeddable":true,"href":"https:\/\/www.allpartner.ch\/it\/wp-json\/wp\/v2\/users\/3"}],"replies":[{"embeddable":true,"href":"https:\/\/www.allpartner.ch\/it\/wp-json\/wp\/v2\/comments?post=33060"}],"version-history":[{"count":50,"href":"https:\/\/www.allpartner.ch\/it\/wp-json\/wp\/v2\/pages\/33060\/revisions"}],"predecessor-version":[{"id":35636,"href":"https:\/\/www.allpartner.ch\/it\/wp-json\/wp\/v2\/pages\/33060\/revisions\/35636"}],"up":[{"embeddable":true,"href":"https:\/\/www.allpartner.ch\/it\/wp-json\/wp\/v2\/pages\/29277"}],"wp:featuredmedia":[{"embeddable":true,"href":"https:\/\/www.allpartner.ch\/it\/wp-json\/wp\/v2\/media\/35186"}],"wp:attachment":[{"href":"https:\/\/www.allpartner.ch\/it\/wp-json\/wp\/v2\/media?parent=33060"}],"curies":[{"name":"wp","href":"https:\/\/api.w.org\/{rel}","templated":true}]}}