{"id":33040,"date":"2020-11-25T16:46:31","date_gmt":"2020-11-25T15:46:31","guid":{"rendered":"http:\/\/allpartner.brentex.ch\/?page_id=33040"},"modified":"2024-12-05T16:24:04","modified_gmt":"2024-12-05T15:24:04","slug":"vorsorge","status":"publish","type":"page","link":"https:\/\/www.allpartner.ch\/it\/privatkunden\/vorsorge\/","title":{"rendered":"Prevenzione"},"content":{"rendered":"<div data-elementor-type=\"wp-page\" data-elementor-id=\"33040\" class=\"elementor elementor-33040\" data-elementor-post-type=\"page\">\n\t\t\t\t\t\t<section data-dce-background-image-url=\"https:\/\/www.allpartner.ch\/wp-content\/uploads\/2021\/01\/matthew-bennett-78hTqvjYMS4-unsplash-scaled.jpg\" class=\"elementor-section elementor-top-section elementor-element elementor-element-2e5826b4 elementor-section-boxed elementor-section-height-default elementor-section-height-default\" data-id=\"2e5826b4\" data-element_type=\"section\" data-settings=\"{&quot;background_background&quot;:&quot;classic&quot;}\">\n\t\t\t\t\t\t<div class=\"elementor-container elementor-column-gap-default\">\n\t\t\t\t\t<div class=\"elementor-column elementor-col-50 elementor-top-column elementor-element elementor-element-79577fb3\" data-id=\"79577fb3\" data-element_type=\"column\">\n\t\t\t<div class=\"elementor-widget-wrap\">\n\t\t\t\t\t\t\t<\/div>\n\t\t<\/div>\n\t\t\t\t<div data-dce-background-color=\"#F2F2F2E0\" class=\"elementor-column elementor-col-50 elementor-top-column elementor-element elementor-element-28d4302d\" data-id=\"28d4302d\" data-element_type=\"column\" data-settings=\"{&quot;background_background&quot;:&quot;classic&quot;}\">\n\t\t\t<div class=\"elementor-widget-wrap elementor-element-populated\">\n\t\t\t\t\t\t<div class=\"elementor-element elementor-element-6e121f7f elementor-widget elementor-widget-heading\" data-id=\"6e121f7f\" data-element_type=\"widget\" data-widget_type=\"heading.default\">\n\t\t\t\t<div class=\"elementor-widget-container\">\n\t\t\t<h4 class=\"elementor-heading-title elementor-size-default\">Jetzt abschliessen<\/h4>\t\t<\/div>\n\t\t\t\t<\/div>\n\t\t\t\t<div class=\"elementor-element elementor-element-28b29a79 elementor-widget elementor-widget-heading\" data-id=\"28b29a79\" data-element_type=\"widget\" data-widget_type=\"heading.default\">\n\t\t\t\t<div class=\"elementor-widget-container\">\n\t\t\t<h2 class=\"elementor-heading-title elementor-size-default\">Prevenzione<\/h2>\t\t<\/div>\n\t\t\t\t<\/div>\n\t\t\t\t<div class=\"elementor-element elementor-element-3a375602 elementor-widget elementor-widget-text-editor\" data-id=\"3a375602\" data-element_type=\"widget\" data-widget_type=\"text-editor.default\">\n\t\t\t\t<div class=\"elementor-widget-container\">\n\t\t\t\t\t\t\tOgni persona attraversa fasi diverse nel corso della sua vita e continua a svilupparsi. Le nuove situazioni di vita creano anche nuove esigenze e priorit\u00e0. Ci\u00f2 vale anche per la previdenza privata: Si consiglia di iniziare presto.\t\t\t\t\t\t<\/div>\n\t\t\t\t<\/div>\n\t\t\t\t<div class=\"elementor-element elementor-element-c52fa7c elementor-align-center elementor-widget elementor-widget-button\" data-id=\"c52fa7c\" data-element_type=\"widget\" data-widget_type=\"button.default\">\n\t\t\t\t<div class=\"elementor-widget-container\">\n\t\t\t\t\t<div class=\"elementor-button-wrapper\">\n\t\t\t<a class=\"elementor-button elementor-button-link elementor-size-sm\" href=\"#elementor-action:action=popup:open&settings=eyJpZCI6IjM0NzEzIiwidG9nZ2xlIjpmYWxzZX0=\">\n\t\t\t\t\t\t<span class=\"elementor-button-content-wrapper\">\n\t\t\t\t\t\t\t\t\t<span class=\"elementor-button-text\">Analisi pensionistica<\/span>\n\t\t\t\t\t<\/span>\n\t\t\t\t\t<\/a>\n\t\t<\/div>\n\t\t\t\t<\/div>\n\t\t\t\t<\/div>\n\t\t\t\t\t<\/div>\n\t\t<\/div>\n\t\t\t\t\t<\/div>\n\t\t<\/section>\n\t\t\t\t<section class=\"elementor-section elementor-top-section elementor-element elementor-element-cea9cc1 elementor-section-boxed elementor-section-height-default elementor-section-height-default\" data-id=\"cea9cc1\" data-element_type=\"section\">\n\t\t\t\t\t\t<div class=\"elementor-container elementor-column-gap-default\">\n\t\t\t\t\t<div class=\"elementor-column elementor-col-50 elementor-top-column elementor-element elementor-element-18b7aec\" data-id=\"18b7aec\" data-element_type=\"column\">\n\t\t\t<div class=\"elementor-widget-wrap elementor-element-populated\">\n\t\t\t\t\t\t<div class=\"elementor-element elementor-element-0e21a48 elementor-widget elementor-widget-heading\" data-id=\"0e21a48\" data-element_type=\"widget\" data-widget_type=\"heading.default\">\n\t\t\t\t<div class=\"elementor-widget-container\">\n\t\t\t<h4 class=\"elementor-heading-title elementor-size-default\">Il 1\u00b0 pilastro: La previdenza statale<\/h4>\t\t<\/div>\n\t\t\t\t<\/div>\n\t\t\t\t<div class=\"elementor-element elementor-element-e3a8283 elementor-widget elementor-widget-text-editor\" data-id=\"e3a8283\" data-element_type=\"widget\" data-widget_type=\"text-editor.default\">\n\t\t\t\t<div class=\"elementor-widget-container\">\n\t\t\t\t\t\t\tIl 1\u00b0 pilastro \u00e8 la previdenza statale e fa parte del concetto dei tre pilastri, che a sua volta si basa sulla nostra rete di sicurezza sociale. \u00c8 obbligatoria e assicura il vostro sostentamento e quello dei vostri familiari a carico in et\u00e0 avanzata, in caso di invalidit\u00e0 o in caso di decesso. \t\t\t\t\t\t<\/div>\n\t\t\t\t<\/div>\n\t\t\t\t<div class=\"elementor-element elementor-element-6e1b6fd elementor-widget elementor-widget-heading\" data-id=\"6e1b6fd\" data-element_type=\"widget\" data-widget_type=\"heading.default\">\n\t\t\t\t<div class=\"elementor-widget-container\">\n\t\t\t<h4 class=\"elementor-heading-title elementor-size-default\">Il 2\u00b0 pilastro: La previdenza professionale<\/h4>\t\t<\/div>\n\t\t\t\t<\/div>\n\t\t\t\t<div class=\"elementor-element elementor-element-328ed41 elementor-widget elementor-widget-text-editor\" data-id=\"328ed41\" data-element_type=\"widget\" data-widget_type=\"text-editor.default\">\n\t\t\t\t<div class=\"elementor-widget-container\">\n\t\t\t\t\t\t\tLa previdenza professionale (LPP) \u00e8 il secondo pilastro del nostro sistema di previdenza sociale. Si basa sulla legge federale sulla previdenza professionale per la vecchiaia, i superstiti e l'invalidit\u00e0, in vigore in Svizzera dal 1985. In quanto cosiddetto fondo pensione, esso serve a consentire il mantenimento del precedente tenore di vita per voi e per i vostri familiari a carico in caso di perdita di reddito.\t\t\t\t\t\t<\/div>\n\t\t\t\t<\/div>\n\t\t\t\t<div class=\"elementor-element elementor-element-2814ce8 elementor-widget elementor-widget-heading\" data-id=\"2814ce8\" data-element_type=\"widget\" data-widget_type=\"heading.default\">\n\t\t\t\t<div class=\"elementor-widget-container\">\n\t\t\t<h4 class=\"elementor-heading-title elementor-size-default\">Il 3\u00b0 pilastro: La previdenza privata<\/h4>\t\t<\/div>\n\t\t\t\t<\/div>\n\t\t\t\t<div class=\"elementor-element elementor-element-defe439 elementor-widget elementor-widget-text-editor\" data-id=\"defe439\" data-element_type=\"widget\" data-widget_type=\"text-editor.default\">\n\t\t\t\t<div class=\"elementor-widget-container\">\n\t\t\t\t\t\t\tLa previdenza privata \u00e8 stata sancita dalla Costituzione federale nel 1972 come integrazione della previdenza statale (1\u00b0 pilastro) e della previdenza professionale (2\u00b0 pilastro). Questo 3\u00b0 pilastro serve a garantire il vostro tenore di vita individuale e a colmare le eventuali lacune di reddito che possono derivare dai primi due pilastri. \t\t\t\t\t\t<\/div>\n\t\t\t\t<\/div>\n\t\t\t\t<div class=\"elementor-element elementor-element-ee2f905 elementor-align-left elementor-widget elementor-widget-button\" data-id=\"ee2f905\" data-element_type=\"widget\" data-widget_type=\"button.default\">\n\t\t\t\t<div class=\"elementor-widget-container\">\n\t\t\t\t\t<div class=\"elementor-button-wrapper\">\n\t\t\t<a class=\"elementor-button elementor-button-link elementor-size-sm\" href=\"https:\/\/www.allpartner.ch\/it\/kontakt\/\">\n\t\t\t\t\t\t<span class=\"elementor-button-content-wrapper\">\n\t\t\t\t\t\t\t\t\t<span class=\"elementor-button-text\">Richiedi una consulenza<\/span>\n\t\t\t\t\t<\/span>\n\t\t\t\t\t<\/a>\n\t\t<\/div>\n\t\t\t\t<\/div>\n\t\t\t\t<\/div>\n\t\t\t\t\t<\/div>\n\t\t<\/div>\n\t\t\t\t<div data-dce-background-color=\"#333D401A\" data-dce-background-overlay-color=\"#FFFFFF\" data-dce-background-image-url=\"https:\/\/www.allpartner.ch\/wp-content\/uploads\/2021\/02\/campaign-creators-774sCXD0dDU-unsplash-scaled.jpg\" class=\"elementor-column elementor-col-50 elementor-top-column elementor-element elementor-element-483f164\" data-id=\"483f164\" data-element_type=\"column\" data-settings=\"{&quot;background_background&quot;:&quot;classic&quot;}\">\n\t\t\t<div class=\"elementor-widget-wrap elementor-element-populated\">\n\t\t\t\t\t<div class=\"elementor-background-overlay\"><\/div>\n\t\t\t\t\t\t<section class=\"elementor-section elementor-inner-section elementor-element elementor-element-7db4814 elementor-section-boxed elementor-section-height-default elementor-section-height-default\" data-id=\"7db4814\" data-element_type=\"section\">\n\t\t\t\t\t\t<div class=\"elementor-container elementor-column-gap-default\">\n\t\t\t\t\t<div data-dce-background-color=\"#FFFFFF9E\" class=\"elementor-column elementor-col-100 elementor-inner-column elementor-element elementor-element-5bb3485\" data-id=\"5bb3485\" data-element_type=\"column\" data-settings=\"{&quot;background_background&quot;:&quot;classic&quot;}\">\n\t\t\t<div class=\"elementor-widget-wrap elementor-element-populated\">\n\t\t\t\t\t\t<div class=\"elementor-element elementor-element-7765314 elementor-widget elementor-widget-heading\" data-id=\"7765314\" data-element_type=\"widget\" data-widget_type=\"heading.default\">\n\t\t\t\t<div class=\"elementor-widget-container\">\n\t\t\t<h3 class=\"elementor-heading-title elementor-size-default\">Da compilare online<\/h3>\t\t<\/div>\n\t\t\t\t<\/div>\n\t\t\t\t<div class=\"elementor-element elementor-element-4df5617 elementor-widget elementor-widget-heading\" data-id=\"4df5617\" data-element_type=\"widget\" data-widget_type=\"heading.default\">\n\t\t\t\t<div class=\"elementor-widget-container\">\n\t\t\t<h1 class=\"elementor-heading-title elementor-size-default\">Analisi pensionistica<\/h1>\t\t<\/div>\n\t\t\t\t<\/div>\n\t\t\t\t<div class=\"elementor-element elementor-element-e957de5 elementor-widget elementor-widget-text-editor\" data-id=\"e957de5\" data-element_type=\"widget\" data-widget_type=\"text-editor.default\">\n\t\t\t\t<div class=\"elementor-widget-container\">\n\t\t\t\t\t\t\tCompilate il nostro modulo di pensione online in pochi minuti e scoprite gratuitamente e senza impegno a quali prestazioni voi e la vostra famiglia avreste diritto in caso di malattia, incidente o morte.\t\t\t\t\t\t<\/div>\n\t\t\t\t<\/div>\n\t\t\t\t<div class=\"elementor-element elementor-element-bcd129f elementor-align-left elementor-widget elementor-widget-button\" data-id=\"bcd129f\" data-element_type=\"widget\" data-widget_type=\"button.default\">\n\t\t\t\t<div class=\"elementor-widget-container\">\n\t\t\t\t\t<div class=\"elementor-button-wrapper\">\n\t\t\t<a class=\"elementor-button elementor-button-link elementor-size-sm\" href=\"#elementor-action:action=popup:open&settings=eyJpZCI6IjM0NzEzIiwidG9nZ2xlIjpmYWxzZX0=\">\n\t\t\t\t\t\t<span class=\"elementor-button-content-wrapper\">\n\t\t\t\t\t\t\t\t\t<span class=\"elementor-button-text\">Iniziate ora<\/span>\n\t\t\t\t\t<\/span>\n\t\t\t\t\t<\/a>\n\t\t<\/div>\n\t\t\t\t<\/div>\n\t\t\t\t<\/div>\n\t\t\t\t\t<\/div>\n\t\t<\/div>\n\t\t\t\t\t<\/div>\n\t\t<\/section>\n\t\t\t\t\t<\/div>\n\t\t<\/div>\n\t\t\t\t\t<\/div>\n\t\t<\/section>\n\t\t\t\t<\/div>","protected":false},"excerpt":{"rendered":"<p>Jetzt abschliessen Vorsorge Jeder Mensch durchl\u00e4uft w\u00e4hrend seines Lebens verschiedene Phasen und entwickelt sich weiter. Durch neue Lebenssituationen entstehen auch neue Bed\u00fcrfnisse und Priorit\u00e4ten. Dies gilt auch f\u00fcr die private Vorsorge: Ein fr\u00fcher Einstieg ist empfehlenswert. Online Analyse Die 1. S\u00e4ule: Staatliche Vorsorge Die 1. S\u00e4ule ist die staatliche Vorsorge und Teil des Dreis\u00e4ulenkonzeptes, welches [&hellip;]<\/p>","protected":false},"author":3,"featured_media":35186,"parent":28860,"menu_order":6,"comment_status":"closed","ping_status":"closed","template":"elementor_header_footer","meta":{"footnotes":""},"class_list":["post-33040","page","type-page","status-publish","has-post-thumbnail","hentry"],"aioseo_notices":[],"_links":{"self":[{"href":"https:\/\/www.allpartner.ch\/it\/wp-json\/wp\/v2\/pages\/33040"}],"collection":[{"href":"https:\/\/www.allpartner.ch\/it\/wp-json\/wp\/v2\/pages"}],"about":[{"href":"https:\/\/www.allpartner.ch\/it\/wp-json\/wp\/v2\/types\/page"}],"author":[{"embeddable":true,"href":"https:\/\/www.allpartner.ch\/it\/wp-json\/wp\/v2\/users\/3"}],"replies":[{"embeddable":true,"href":"https:\/\/www.allpartner.ch\/it\/wp-json\/wp\/v2\/comments?post=33040"}],"version-history":[{"count":32,"href":"https:\/\/www.allpartner.ch\/it\/wp-json\/wp\/v2\/pages\/33040\/revisions"}],"predecessor-version":[{"id":35675,"href":"https:\/\/www.allpartner.ch\/it\/wp-json\/wp\/v2\/pages\/33040\/revisions\/35675"}],"up":[{"embeddable":true,"href":"https:\/\/www.allpartner.ch\/it\/wp-json\/wp\/v2\/pages\/28860"}],"wp:featuredmedia":[{"embeddable":true,"href":"https:\/\/www.allpartner.ch\/it\/wp-json\/wp\/v2\/media\/35186"}],"wp:attachment":[{"href":"https:\/\/www.allpartner.ch\/it\/wp-json\/wp\/v2\/media?parent=33040"}],"curies":[{"name":"wp","href":"https:\/\/api.w.org\/{rel}","templated":true}]}}