{"id":33078,"date":"2020-11-25T17:06:26","date_gmt":"2020-11-25T16:06:26","guid":{"rendered":"http:\/\/allpartner.brentex.ch\/?page_id=33078"},"modified":"2024-12-01T11:42:45","modified_gmt":"2024-12-01T10:42:45","slug":"flottenservice","status":"publish","type":"page","link":"https:\/\/www.allpartner.ch\/fr\/geschaeftskunden\/flottenservice\/","title":{"rendered":"Service de la flotte"},"content":{"rendered":"<div data-elementor-type=\"wp-page\" data-elementor-id=\"33078\" class=\"elementor elementor-33078\" data-elementor-post-type=\"page\">\n\t\t\t\t\t\t<section data-dce-background-image-url=\"https:\/\/www.allpartner.ch\/wp-content\/uploads\/2021\/01\/david-von-diemar-JnWfxikjB-s-unsplash-scaled.jpg\" class=\"elementor-section elementor-top-section elementor-element elementor-element-81f73a4 elementor-section-boxed elementor-section-height-default elementor-section-height-default\" data-id=\"81f73a4\" data-element_type=\"section\" data-settings=\"{&quot;background_background&quot;:&quot;classic&quot;}\">\n\t\t\t\t\t\t<div class=\"elementor-container elementor-column-gap-default\">\n\t\t\t\t\t<div data-dce-background-color=\"#F2F2F2D4\" class=\"elementor-column elementor-col-100 elementor-top-column elementor-element elementor-element-2bb4edb\" data-id=\"2bb4edb\" data-element_type=\"column\" data-settings=\"{&quot;background_background&quot;:&quot;classic&quot;}\">\n\t\t\t<div class=\"elementor-widget-wrap elementor-element-populated\">\n\t\t\t\t\t\t<div class=\"elementor-element elementor-element-c822cb3 elementor-widget elementor-widget-heading\" data-id=\"c822cb3\" data-element_type=\"widget\" data-widget_type=\"heading.default\">\n\t\t\t\t<div class=\"elementor-widget-container\">\n\t\t\t<h3 class=\"elementor-heading-title elementor-size-default\">Assurance des v\u00e9hicules<\/h3>\t\t<\/div>\n\t\t\t\t<\/div>\n\t\t\t\t<div class=\"elementor-element elementor-element-9be9cbe elementor-widget elementor-widget-heading\" data-id=\"9be9cbe\" data-element_type=\"widget\" data-widget_type=\"heading.default\">\n\t\t\t\t<div class=\"elementor-widget-container\">\n\t\t\t<h1 class=\"elementor-heading-title elementor-size-default\">Service de flotte (\u00e0 partir de cinq v\u00e9hicules)<\/h1>\t\t<\/div>\n\t\t\t\t<\/div>\n\t\t\t\t<div class=\"elementor-element elementor-element-29bf444 elementor-widget elementor-widget-text-editor\" data-id=\"29bf444\" data-element_type=\"widget\" data-widget_type=\"text-editor.default\">\n\t\t\t\t<div class=\"elementor-widget-container\">\n\t\t\t\t\t\t\tUne couverture d'assurance enti\u00e8rement adapt\u00e9e \u00e0 vos souhaits : en termes de s\u00e9curit\u00e9, de rentabilit\u00e9 et de transparence. Composez les modules de votre assurance v\u00e9hicule en fonction de vos besoins. Les produits de flotte de nos partenaires automobiles sont destin\u00e9s aux petites et moyennes flottes d'entreprises (au moins cinq v\u00e9hicules).\t\t\t\t\t\t<\/div>\n\t\t\t\t<\/div>\n\t\t\t\t<div class=\"elementor-element elementor-element-a5849d4 elementor-widget elementor-widget-heading\" data-id=\"a5849d4\" data-element_type=\"widget\" data-widget_type=\"heading.default\">\n\t\t\t\t<div class=\"elementor-widget-container\">\n\t\t\t<h4 class=\"elementor-heading-title elementor-size-default\">Risques assur\u00e9s<\/h4>\t\t<\/div>\n\t\t\t\t<\/div>\n\t\t\t\t<div class=\"elementor-element elementor-element-c4024f6 elementor-widget elementor-widget-text-editor\" data-id=\"c4024f6\" data-element_type=\"widget\" data-widget_type=\"text-editor.default\">\n\t\t\t\t<div class=\"elementor-widget-container\">\n\t\t\t\t\t\t\t<ul><li>Toute la flotte de v\u00e9hicules de l'entreprise, tels que les voitures, les camionnettes de livraison ou les motocyclettes, est assur\u00e9e.<\/li><li>Assurance responsabilit\u00e9 civile pour les dommages mat\u00e9riels et corporels caus\u00e9s \u00e0 des tiers avec le v\u00e9hicule assur\u00e9.<\/li><li>Assurance casco partielle contre les dommages dus au vol, \u00e0 l'incendie, aux catastrophes naturelles (temp\u00eate ou gr\u00eale, par exemple), au bris de glaces, aux collisions avec des animaux, au vandalisme, des dommages caus\u00e9s par des fouines.<\/li><li>L'assurance collision en compl\u00e9ment de l'assurance casco partielle des dommages r\u00e9sultant d'une collision.<\/li><li>Accident de passagers pour dommages corporels au conducteur ou aux passagers<\/li><\/ul>\t\t\t\t\t\t<\/div>\n\t\t\t\t<\/div>\n\t\t\t\t<div class=\"elementor-element elementor-element-e60a3bd elementor-align-left elementor-widget elementor-widget-button\" data-id=\"e60a3bd\" data-element_type=\"widget\" data-widget_type=\"button.default\">\n\t\t\t\t<div class=\"elementor-widget-container\">\n\t\t\t\t\t<div class=\"elementor-button-wrapper\">\n\t\t\t<a class=\"elementor-button elementor-button-link elementor-size-sm\" href=\"https:\/\/www.allpartner.ch\/fr\/kontakt\/\">\n\t\t\t\t\t\t<span class=\"elementor-button-content-wrapper\">\n\t\t\t\t\t\t\t\t\t<span class=\"elementor-button-text\">Demander conseil<\/span>\n\t\t\t\t\t<\/span>\n\t\t\t\t\t<\/a>\n\t\t<\/div>\n\t\t\t\t<\/div>\n\t\t\t\t<\/div>\n\t\t\t\t\t<\/div>\n\t\t<\/div>\n\t\t\t\t\t<\/div>\n\t\t<\/section>\n\t\t\t\t<\/div>","protected":false},"excerpt":{"rendered":"<p>Fahrzeugversicherung Flottenservice (ab f\u00fcnf Fahrzeugen) Ein Versicherungsschutz, der sich ganz nach Ihren W\u00fcnschen richtet: in punkto Sicherheit, Wirtschaftlichkeit und Transparenz. Stellen Sie die Bausteine f\u00fcr Ihre Fahrzeugversicherung nach Ihren Bed\u00fcrfnissen zusammen. Die Flottenprodukte von unseren Partnern f\u00fcr Motorfahrzeuge sind auf kleinere und mittlere Firmenkundenflotten ausgerichtet (mindestens f\u00fcnf Fahrzeuge). Versicherbare Risiken Versichert ist der gesamte Fahrzeugpark [&hellip;]<\/p>","protected":false},"author":3,"featured_media":35186,"parent":29277,"menu_order":4,"comment_status":"closed","ping_status":"closed","template":"elementor_header_footer","meta":{"footnotes":""},"class_list":["post-33078","page","type-page","status-publish","has-post-thumbnail","hentry"],"aioseo_notices":[],"_links":{"self":[{"href":"https:\/\/www.allpartner.ch\/fr\/wp-json\/wp\/v2\/pages\/33078"}],"collection":[{"href":"https:\/\/www.allpartner.ch\/fr\/wp-json\/wp\/v2\/pages"}],"about":[{"href":"https:\/\/www.allpartner.ch\/fr\/wp-json\/wp\/v2\/types\/page"}],"author":[{"embeddable":true,"href":"https:\/\/www.allpartner.ch\/fr\/wp-json\/wp\/v2\/users\/3"}],"replies":[{"embeddable":true,"href":"https:\/\/www.allpartner.ch\/fr\/wp-json\/wp\/v2\/comments?post=33078"}],"version-history":[{"count":17,"href":"https:\/\/www.allpartner.ch\/fr\/wp-json\/wp\/v2\/pages\/33078\/revisions"}],"predecessor-version":[{"id":35639,"href":"https:\/\/www.allpartner.ch\/fr\/wp-json\/wp\/v2\/pages\/33078\/revisions\/35639"}],"up":[{"embeddable":true,"href":"https:\/\/www.allpartner.ch\/fr\/wp-json\/wp\/v2\/pages\/29277"}],"wp:featuredmedia":[{"embeddable":true,"href":"https:\/\/www.allpartner.ch\/fr\/wp-json\/wp\/v2\/media\/35186"}],"wp:attachment":[{"href":"https:\/\/www.allpartner.ch\/fr\/wp-json\/wp\/v2\/media?parent=33078"}],"curies":[{"name":"wp","href":"https:\/\/api.w.org\/{rel}","templated":true}]}}