{"id":33070,"date":"2020-11-25T17:03:55","date_gmt":"2020-11-25T16:03:55","guid":{"rendered":"http:\/\/allpartner.brentex.ch\/?page_id=33070"},"modified":"2024-12-01T11:43:13","modified_gmt":"2024-12-01T10:43:13","slug":"sachersicherung","status":"publish","type":"page","link":"https:\/\/www.allpartner.ch\/fr\/geschaeftskunden\/sachersicherung\/","title":{"rendered":"Assurance de biens"},"content":{"rendered":"<div data-elementor-type=\"wp-page\" data-elementor-id=\"33070\" class=\"elementor elementor-33070\" data-elementor-post-type=\"page\">\n\t\t\t\t\t\t<section data-dce-background-image-url=\"https:\/\/www.allpartner.ch\/wp-content\/uploads\/2020\/12\/Interior-13-min.png\" class=\"elementor-section elementor-top-section elementor-element elementor-element-b93b905 elementor-section-boxed elementor-section-height-default elementor-section-height-default\" data-id=\"b93b905\" data-element_type=\"section\" data-settings=\"{&quot;background_background&quot;:&quot;classic&quot;}\">\n\t\t\t\t\t\t<div class=\"elementor-container elementor-column-gap-default\">\n\t\t\t\t\t<div data-dce-background-color=\"#F2F2F2D4\" class=\"elementor-column elementor-col-50 elementor-top-column elementor-element elementor-element-164b0f9\" data-id=\"164b0f9\" data-element_type=\"column\" data-settings=\"{&quot;background_background&quot;:&quot;classic&quot;}\">\n\t\t\t<div class=\"elementor-widget-wrap elementor-element-populated\">\n\t\t\t\t\t\t<div class=\"elementor-element elementor-element-ac6d1b8 elementor-widget elementor-widget-heading\" data-id=\"ac6d1b8\" data-element_type=\"widget\" data-widget_type=\"heading.default\">\n\t\t\t\t<div class=\"elementor-widget-container\">\n\t\t\t<h3 class=\"elementor-heading-title elementor-size-default\">Souscrire de suite<\/h3>\t\t<\/div>\n\t\t\t\t<\/div>\n\t\t\t\t<div class=\"elementor-element elementor-element-6691b6e elementor-widget elementor-widget-heading\" data-id=\"6691b6e\" data-element_type=\"widget\" data-widget_type=\"heading.default\">\n\t\t\t\t<div class=\"elementor-widget-container\">\n\t\t\t<h1 class=\"elementor-heading-title elementor-size-default\">Assurance de biens<\/h1>\t\t<\/div>\n\t\t\t\t<\/div>\n\t\t\t\t<div class=\"elementor-element elementor-element-f60e998 elementor-widget elementor-widget-text-editor\" data-id=\"f60e998\" data-element_type=\"widget\" data-widget_type=\"text-editor.default\">\n\t\t\t\t<div class=\"elementor-widget-container\">\n\t\t\t\t\t\t\t<p>Personne n'est totalement \u00e0 l'abri des incendies, des temp\u00eates, des d\u00e9g\u00e2ts des eaux, des vitres et des cambriolages. Pour que vous ne restiez sans solution en cas de sinistre, l'assurance de biens couvre sans complication : la perte mat\u00e9rielle, votre manque \u00e0 gagner, les frais suppl\u00e9mentaires, les frais de d\u00e9douanement et d'\u00e9limination. En cas de sinistre, votre assurance de biens paie les objets et les \u00e9quipements endommag\u00e9s.<\/p>\t\t\t\t\t\t<\/div>\n\t\t\t\t<\/div>\n\t\t\t\t<div class=\"elementor-element elementor-element-3d705ba elementor-align-left elementor-widget elementor-widget-button\" data-id=\"3d705ba\" data-element_type=\"widget\" data-widget_type=\"button.default\">\n\t\t\t\t<div class=\"elementor-widget-container\">\n\t\t\t\t\t<div class=\"elementor-button-wrapper\">\n\t\t\t<a class=\"elementor-button elementor-button-link elementor-size-sm\" href=\"https:\/\/www.allpartner.ch\/fr\/kontakt\/\">\n\t\t\t\t\t\t<span class=\"elementor-button-content-wrapper\">\n\t\t\t\t\t\t\t\t\t<span class=\"elementor-button-text\">Demander une offre<\/span>\n\t\t\t\t\t<\/span>\n\t\t\t\t\t<\/a>\n\t\t<\/div>\n\t\t\t\t<\/div>\n\t\t\t\t<\/div>\n\t\t\t\t\t<\/div>\n\t\t<\/div>\n\t\t\t\t<div class=\"elementor-column elementor-col-50 elementor-top-column elementor-element elementor-element-feb71cb\" data-id=\"feb71cb\" data-element_type=\"column\">\n\t\t\t<div class=\"elementor-widget-wrap elementor-element-populated\">\n\t\t\t\t\t\t<section class=\"elementor-section elementor-inner-section elementor-element elementor-element-edf372d elementor-section-boxed elementor-section-height-default elementor-section-height-default\" data-id=\"edf372d\" data-element_type=\"section\">\n\t\t\t\t\t\t<div class=\"elementor-container elementor-column-gap-default\">\n\t\t\t\t\t<div class=\"elementor-column elementor-col-100 elementor-inner-column elementor-element elementor-element-4e47b17\" data-id=\"4e47b17\" data-element_type=\"column\">\n\t\t\t<div class=\"elementor-widget-wrap\">\n\t\t\t\t\t\t\t<\/div>\n\t\t<\/div>\n\t\t\t\t\t<\/div>\n\t\t<\/section>\n\t\t\t\t\t<\/div>\n\t\t<\/div>\n\t\t\t\t\t<\/div>\n\t\t<\/section>\n\t\t\t\t<\/div>","protected":false},"excerpt":{"rendered":"<p>Jetzt abschliessen Sachversicherung Niemand ist hundertprozentig sicher vor Feuer, Unwetter, Wassersch\u00e4den, Glas- und Einbruch. Damit Sie im Schadenfall nicht mit leeren H\u00e4nden dastehen, \u00fcbernimmt die Sachversicherung unkompliziert den materiellen Verlust, Ihre Ertragsausf\u00e4lle, Mehrkosten, R\u00e4umungs- und Entsorgungskosten. Ihre Sachversicherung kommt im Schadenfall f\u00fcr die besch\u00e4digten Gegenst\u00e4nde und Apparaturen auf. Offerte anfragen<\/p>","protected":false},"author":3,"featured_media":35186,"parent":29277,"menu_order":3,"comment_status":"closed","ping_status":"closed","template":"elementor_header_footer","meta":{"footnotes":""},"class_list":["post-33070","page","type-page","status-publish","has-post-thumbnail","hentry"],"aioseo_notices":[],"_links":{"self":[{"href":"https:\/\/www.allpartner.ch\/fr\/wp-json\/wp\/v2\/pages\/33070"}],"collection":[{"href":"https:\/\/www.allpartner.ch\/fr\/wp-json\/wp\/v2\/pages"}],"about":[{"href":"https:\/\/www.allpartner.ch\/fr\/wp-json\/wp\/v2\/types\/page"}],"author":[{"embeddable":true,"href":"https:\/\/www.allpartner.ch\/fr\/wp-json\/wp\/v2\/users\/3"}],"replies":[{"embeddable":true,"href":"https:\/\/www.allpartner.ch\/fr\/wp-json\/wp\/v2\/comments?post=33070"}],"version-history":[{"count":26,"href":"https:\/\/www.allpartner.ch\/fr\/wp-json\/wp\/v2\/pages\/33070\/revisions"}],"predecessor-version":[{"id":35642,"href":"https:\/\/www.allpartner.ch\/fr\/wp-json\/wp\/v2\/pages\/33070\/revisions\/35642"}],"up":[{"embeddable":true,"href":"https:\/\/www.allpartner.ch\/fr\/wp-json\/wp\/v2\/pages\/29277"}],"wp:featuredmedia":[{"embeddable":true,"href":"https:\/\/www.allpartner.ch\/fr\/wp-json\/wp\/v2\/media\/35186"}],"wp:attachment":[{"href":"https:\/\/www.allpartner.ch\/fr\/wp-json\/wp\/v2\/media?parent=33070"}],"curies":[{"name":"wp","href":"https:\/\/api.w.org\/{rel}","templated":true}]}}