{"id":33040,"date":"2020-11-25T16:46:31","date_gmt":"2020-11-25T15:46:31","guid":{"rendered":"http:\/\/allpartner.brentex.ch\/?page_id=33040"},"modified":"2024-12-05T16:24:04","modified_gmt":"2024-12-05T15:24:04","slug":"vorsorge","status":"publish","type":"page","link":"https:\/\/www.allpartner.ch\/fr\/privatkunden\/vorsorge\/","title":{"rendered":"Pr\u00e9voyance"},"content":{"rendered":"<div data-elementor-type=\"wp-page\" data-elementor-id=\"33040\" class=\"elementor elementor-33040\" data-elementor-post-type=\"page\">\n\t\t\t\t\t\t<section data-dce-background-image-url=\"https:\/\/www.allpartner.ch\/wp-content\/uploads\/2021\/01\/matthew-bennett-78hTqvjYMS4-unsplash-scaled.jpg\" class=\"elementor-section elementor-top-section elementor-element elementor-element-2e5826b4 elementor-section-boxed elementor-section-height-default elementor-section-height-default\" data-id=\"2e5826b4\" data-element_type=\"section\" data-settings=\"{&quot;background_background&quot;:&quot;classic&quot;}\">\n\t\t\t\t\t\t<div class=\"elementor-container elementor-column-gap-default\">\n\t\t\t\t\t<div class=\"elementor-column elementor-col-50 elementor-top-column elementor-element elementor-element-79577fb3\" data-id=\"79577fb3\" data-element_type=\"column\">\n\t\t\t<div class=\"elementor-widget-wrap\">\n\t\t\t\t\t\t\t<\/div>\n\t\t<\/div>\n\t\t\t\t<div data-dce-background-color=\"#F2F2F2E0\" class=\"elementor-column elementor-col-50 elementor-top-column elementor-element elementor-element-28d4302d\" data-id=\"28d4302d\" data-element_type=\"column\" data-settings=\"{&quot;background_background&quot;:&quot;classic&quot;}\">\n\t\t\t<div class=\"elementor-widget-wrap elementor-element-populated\">\n\t\t\t\t\t\t<div class=\"elementor-element elementor-element-6e121f7f elementor-widget elementor-widget-heading\" data-id=\"6e121f7f\" data-element_type=\"widget\" data-widget_type=\"heading.default\">\n\t\t\t\t<div class=\"elementor-widget-container\">\n\t\t\t<h4 class=\"elementor-heading-title elementor-size-default\">Souscrire de suite<\/h4>\t\t<\/div>\n\t\t\t\t<\/div>\n\t\t\t\t<div class=\"elementor-element elementor-element-28b29a79 elementor-widget elementor-widget-heading\" data-id=\"28b29a79\" data-element_type=\"widget\" data-widget_type=\"heading.default\">\n\t\t\t\t<div class=\"elementor-widget-container\">\n\t\t\t<h2 class=\"elementor-heading-title elementor-size-default\">Pr\u00e9voyance<\/h2>\t\t<\/div>\n\t\t\t\t<\/div>\n\t\t\t\t<div class=\"elementor-element elementor-element-3a375602 elementor-widget elementor-widget-text-editor\" data-id=\"3a375602\" data-element_type=\"widget\" data-widget_type=\"text-editor.default\">\n\t\t\t\t<div class=\"elementor-widget-container\">\n\t\t\t\t\t\t\tChaque personne passe par diff\u00e9rentes phases de sa vie et continue \u00e0 se d\u00e9velopper. Les nouvelles situations de vie donnent \u00e9galement lieu \u00e0 de nouveaux besoins et de nouvelles priorit\u00e9s. Il en va de m\u00eame pour la pr\u00e9voyance priv\u00e9e : il est conseill\u00e9 de commencer t\u00f4t.\t\t\t\t\t\t<\/div>\n\t\t\t\t<\/div>\n\t\t\t\t<div class=\"elementor-element elementor-element-c52fa7c elementor-align-center elementor-widget elementor-widget-button\" data-id=\"c52fa7c\" data-element_type=\"widget\" data-widget_type=\"button.default\">\n\t\t\t\t<div class=\"elementor-widget-container\">\n\t\t\t\t\t<div class=\"elementor-button-wrapper\">\n\t\t\t<a class=\"elementor-button elementor-button-link elementor-size-sm\" href=\"#elementor-action:action=popup:open&settings=eyJpZCI6IjM0NzEzIiwidG9nZ2xlIjpmYWxzZX0=\">\n\t\t\t\t\t\t<span class=\"elementor-button-content-wrapper\">\n\t\t\t\t\t\t\t\t\t<span class=\"elementor-button-text\">Analyse pr\u00e9voyance<\/span>\n\t\t\t\t\t<\/span>\n\t\t\t\t\t<\/a>\n\t\t<\/div>\n\t\t\t\t<\/div>\n\t\t\t\t<\/div>\n\t\t\t\t\t<\/div>\n\t\t<\/div>\n\t\t\t\t\t<\/div>\n\t\t<\/section>\n\t\t\t\t<section class=\"elementor-section elementor-top-section elementor-element elementor-element-cea9cc1 elementor-section-boxed elementor-section-height-default elementor-section-height-default\" data-id=\"cea9cc1\" data-element_type=\"section\">\n\t\t\t\t\t\t<div class=\"elementor-container elementor-column-gap-default\">\n\t\t\t\t\t<div class=\"elementor-column elementor-col-50 elementor-top-column elementor-element elementor-element-18b7aec\" data-id=\"18b7aec\" data-element_type=\"column\">\n\t\t\t<div class=\"elementor-widget-wrap elementor-element-populated\">\n\t\t\t\t\t\t<div class=\"elementor-element elementor-element-0e21a48 elementor-widget elementor-widget-heading\" data-id=\"0e21a48\" data-element_type=\"widget\" data-widget_type=\"heading.default\">\n\t\t\t\t<div class=\"elementor-widget-container\">\n\t\t\t<h4 class=\"elementor-heading-title elementor-size-default\">Le 1er pilier : La pr\u00e9voyance d\u2019\u00c9tat<\/h4>\t\t<\/div>\n\t\t\t\t<\/div>\n\t\t\t\t<div class=\"elementor-element elementor-element-e3a8283 elementor-widget elementor-widget-text-editor\" data-id=\"e3a8283\" data-element_type=\"widget\" data-widget_type=\"text-editor.default\">\n\t\t\t\t<div class=\"elementor-widget-container\">\n\t\t\t\t\t\t\tLe premier pilier est la pr\u00e9voyance d\u2019\u00c9tat et fait partie du syst\u00e8me des trois piliers, qui \u00e0 son tour repose sur notre s\u00e9curit\u00e9 sociale. Il est obligatoire et assure vos besoins et celle des personnes \u00e0 votre charge pendant la vieillesse, en cas d'invalidit\u00e9 ou de d\u00e9c\u00e8s. \t\t\t\t\t\t<\/div>\n\t\t\t\t<\/div>\n\t\t\t\t<div class=\"elementor-element elementor-element-6e1b6fd elementor-widget elementor-widget-heading\" data-id=\"6e1b6fd\" data-element_type=\"widget\" data-widget_type=\"heading.default\">\n\t\t\t\t<div class=\"elementor-widget-container\">\n\t\t\t<h4 class=\"elementor-heading-title elementor-size-default\">Le 2e pilier : La pr\u00e9voyance professionnelle<\/h4>\t\t<\/div>\n\t\t\t\t<\/div>\n\t\t\t\t<div class=\"elementor-element elementor-element-328ed41 elementor-widget elementor-widget-text-editor\" data-id=\"328ed41\" data-element_type=\"widget\" data-widget_type=\"text-editor.default\">\n\t\t\t\t<div class=\"elementor-widget-container\">\n\t\t\t\t\t\t\tLa pr\u00e9voyance professionnelle (LPP) est le deuxi\u00e8me pilier de notre syst\u00e8me de s\u00e9curit\u00e9 sociale. Il est bas\u00e9 sur la loi f\u00e9d\u00e9rale sur la pr\u00e9voyance professionnelle vieillesse, survivants et invalidit\u00e9, en vigueur en Suisse depuis 1985. En tant que \"fonds de pension\", il vous permet, \u00e0 vous et aux personnes \u00e0 votre charge, de maintenir votre niveau de vie en cas de perte de revenus.\t\t\t\t\t\t<\/div>\n\t\t\t\t<\/div>\n\t\t\t\t<div class=\"elementor-element elementor-element-2814ce8 elementor-widget elementor-widget-heading\" data-id=\"2814ce8\" data-element_type=\"widget\" data-widget_type=\"heading.default\">\n\t\t\t\t<div class=\"elementor-widget-container\">\n\t\t\t<h4 class=\"elementor-heading-title elementor-size-default\">Le 3e pilier : La pr\u00e9voyance priv\u00e9e<\/h4>\t\t<\/div>\n\t\t\t\t<\/div>\n\t\t\t\t<div class=\"elementor-element elementor-element-defe439 elementor-widget elementor-widget-text-editor\" data-id=\"defe439\" data-element_type=\"widget\" data-widget_type=\"text-editor.default\">\n\t\t\t\t<div class=\"elementor-widget-container\">\n\t\t\t\t\t\t\tLa pr\u00e9voyance priv\u00e9e a \u00e9t\u00e9 inscrite dans la Constitution f\u00e9d\u00e9rale en 1972 en tant que compl\u00e9ment \u00e0 la pr\u00e9voyance \u00e9tatique (1er pilier) et professionnelle (2e pilier). Ce troisi\u00e8me pilier sert \u00e0 garantir votre niveau de vie individuel et \u00e0 combler les \u00e9carts de revenus qui pourraient r\u00e9sulter des deux premiers piliers. \t\t\t\t\t\t<\/div>\n\t\t\t\t<\/div>\n\t\t\t\t<div class=\"elementor-element elementor-element-ee2f905 elementor-align-left elementor-widget elementor-widget-button\" data-id=\"ee2f905\" data-element_type=\"widget\" data-widget_type=\"button.default\">\n\t\t\t\t<div class=\"elementor-widget-container\">\n\t\t\t\t\t<div class=\"elementor-button-wrapper\">\n\t\t\t<a class=\"elementor-button elementor-button-link elementor-size-sm\" href=\"https:\/\/www.allpartner.ch\/fr\/kontakt\/\">\n\t\t\t\t\t\t<span class=\"elementor-button-content-wrapper\">\n\t\t\t\t\t\t\t\t\t<span class=\"elementor-button-text\">Demander conseil<\/span>\n\t\t\t\t\t<\/span>\n\t\t\t\t\t<\/a>\n\t\t<\/div>\n\t\t\t\t<\/div>\n\t\t\t\t<\/div>\n\t\t\t\t\t<\/div>\n\t\t<\/div>\n\t\t\t\t<div data-dce-background-color=\"#333D401A\" data-dce-background-overlay-color=\"#FFFFFF\" data-dce-background-image-url=\"https:\/\/www.allpartner.ch\/wp-content\/uploads\/2021\/02\/campaign-creators-774sCXD0dDU-unsplash-scaled.jpg\" class=\"elementor-column elementor-col-50 elementor-top-column elementor-element elementor-element-483f164\" data-id=\"483f164\" data-element_type=\"column\" data-settings=\"{&quot;background_background&quot;:&quot;classic&quot;}\">\n\t\t\t<div class=\"elementor-widget-wrap elementor-element-populated\">\n\t\t\t\t\t<div class=\"elementor-background-overlay\"><\/div>\n\t\t\t\t\t\t<section class=\"elementor-section elementor-inner-section elementor-element elementor-element-7db4814 elementor-section-boxed elementor-section-height-default elementor-section-height-default\" data-id=\"7db4814\" data-element_type=\"section\">\n\t\t\t\t\t\t<div class=\"elementor-container elementor-column-gap-default\">\n\t\t\t\t\t<div data-dce-background-color=\"#FFFFFF9E\" class=\"elementor-column elementor-col-100 elementor-inner-column elementor-element elementor-element-5bb3485\" data-id=\"5bb3485\" data-element_type=\"column\" data-settings=\"{&quot;background_background&quot;:&quot;classic&quot;}\">\n\t\t\t<div class=\"elementor-widget-wrap elementor-element-populated\">\n\t\t\t\t\t\t<div class=\"elementor-element elementor-element-7765314 elementor-widget elementor-widget-heading\" data-id=\"7765314\" data-element_type=\"widget\" data-widget_type=\"heading.default\">\n\t\t\t\t<div class=\"elementor-widget-container\">\n\t\t\t<h3 class=\"elementor-heading-title elementor-size-default\">Remplir en ligne<\/h3>\t\t<\/div>\n\t\t\t\t<\/div>\n\t\t\t\t<div class=\"elementor-element elementor-element-4df5617 elementor-widget elementor-widget-heading\" data-id=\"4df5617\" data-element_type=\"widget\" data-widget_type=\"heading.default\">\n\t\t\t\t<div class=\"elementor-widget-container\">\n\t\t\t<h1 class=\"elementor-heading-title elementor-size-default\">Analyse pr\u00e9voyance<\/h1>\t\t<\/div>\n\t\t\t\t<\/div>\n\t\t\t\t<div class=\"elementor-element elementor-element-e957de5 elementor-widget elementor-widget-text-editor\" data-id=\"e957de5\" data-element_type=\"widget\" data-widget_type=\"text-editor.default\">\n\t\t\t\t<div class=\"elementor-widget-container\">\n\t\t\t\t\t\t\tRemplissez en quelques minutes notre formulaire d'analyse pr\u00e9voyance en ligne et d\u00e9couvrez, gratuitement et sans engagement, les prestations auxquelles vous et votre famille auriez droit en cas de maladie, d'accident ou de d\u00e9c\u00e8s.\t\t\t\t\t\t<\/div>\n\t\t\t\t<\/div>\n\t\t\t\t<div class=\"elementor-element elementor-element-bcd129f elementor-align-left elementor-widget elementor-widget-button\" data-id=\"bcd129f\" data-element_type=\"widget\" data-widget_type=\"button.default\">\n\t\t\t\t<div class=\"elementor-widget-container\">\n\t\t\t\t\t<div class=\"elementor-button-wrapper\">\n\t\t\t<a class=\"elementor-button elementor-button-link elementor-size-sm\" href=\"#elementor-action:action=popup:open&settings=eyJpZCI6IjM0NzEzIiwidG9nZ2xlIjpmYWxzZX0=\">\n\t\t\t\t\t\t<span class=\"elementor-button-content-wrapper\">\n\t\t\t\t\t\t\t\t\t<span class=\"elementor-button-text\">Commencer maintenant<\/span>\n\t\t\t\t\t<\/span>\n\t\t\t\t\t<\/a>\n\t\t<\/div>\n\t\t\t\t<\/div>\n\t\t\t\t<\/div>\n\t\t\t\t\t<\/div>\n\t\t<\/div>\n\t\t\t\t\t<\/div>\n\t\t<\/section>\n\t\t\t\t\t<\/div>\n\t\t<\/div>\n\t\t\t\t\t<\/div>\n\t\t<\/section>\n\t\t\t\t<\/div>","protected":false},"excerpt":{"rendered":"<p>Jetzt abschliessen Vorsorge Jeder Mensch durchl\u00e4uft w\u00e4hrend seines Lebens verschiedene Phasen und entwickelt sich weiter. Durch neue Lebenssituationen entstehen auch neue Bed\u00fcrfnisse und Priorit\u00e4ten. Dies gilt auch f\u00fcr die private Vorsorge: Ein fr\u00fcher Einstieg ist empfehlenswert. Online Analyse Die 1. S\u00e4ule: Staatliche Vorsorge Die 1. S\u00e4ule ist die staatliche Vorsorge und Teil des Dreis\u00e4ulenkonzeptes, welches [&hellip;]<\/p>","protected":false},"author":3,"featured_media":35186,"parent":28860,"menu_order":6,"comment_status":"closed","ping_status":"closed","template":"elementor_header_footer","meta":{"footnotes":""},"class_list":["post-33040","page","type-page","status-publish","has-post-thumbnail","hentry"],"aioseo_notices":[],"_links":{"self":[{"href":"https:\/\/www.allpartner.ch\/fr\/wp-json\/wp\/v2\/pages\/33040"}],"collection":[{"href":"https:\/\/www.allpartner.ch\/fr\/wp-json\/wp\/v2\/pages"}],"about":[{"href":"https:\/\/www.allpartner.ch\/fr\/wp-json\/wp\/v2\/types\/page"}],"author":[{"embeddable":true,"href":"https:\/\/www.allpartner.ch\/fr\/wp-json\/wp\/v2\/users\/3"}],"replies":[{"embeddable":true,"href":"https:\/\/www.allpartner.ch\/fr\/wp-json\/wp\/v2\/comments?post=33040"}],"version-history":[{"count":32,"href":"https:\/\/www.allpartner.ch\/fr\/wp-json\/wp\/v2\/pages\/33040\/revisions"}],"predecessor-version":[{"id":35675,"href":"https:\/\/www.allpartner.ch\/fr\/wp-json\/wp\/v2\/pages\/33040\/revisions\/35675"}],"up":[{"embeddable":true,"href":"https:\/\/www.allpartner.ch\/fr\/wp-json\/wp\/v2\/pages\/28860"}],"wp:featuredmedia":[{"embeddable":true,"href":"https:\/\/www.allpartner.ch\/fr\/wp-json\/wp\/v2\/media\/35186"}],"wp:attachment":[{"href":"https:\/\/www.allpartner.ch\/fr\/wp-json\/wp\/v2\/media?parent=33040"}],"curies":[{"name":"wp","href":"https:\/\/api.w.org\/{rel}","templated":true}]}}