{"id":33035,"date":"2020-11-25T16:45:02","date_gmt":"2020-11-25T15:45:02","guid":{"rendered":"http:\/\/allpartner.brentex.ch\/?page_id=33035"},"modified":"2024-12-05T16:23:54","modified_gmt":"2024-12-05T15:23:54","slug":"reisen","status":"publish","type":"page","link":"https:\/\/www.allpartner.ch\/fr\/privatkunden\/reisen\/","title":{"rendered":"Reisen"},"content":{"rendered":"<div data-elementor-type=\"wp-page\" data-elementor-id=\"33035\" class=\"elementor elementor-33035\" data-elementor-post-type=\"page\">\n\t\t\t\t\t\t<section data-dce-background-image-url=\"https:\/\/www.allpartner.ch\/wp-content\/uploads\/2020\/11\/jeshoots-com-mSESwdMZr-A-unsplash.jpg\" class=\"elementor-section elementor-top-section elementor-element elementor-element-c78beb9 elementor-section-boxed elementor-section-height-default elementor-section-height-default\" data-id=\"c78beb9\" data-element_type=\"section\" data-settings=\"{&quot;background_background&quot;:&quot;classic&quot;}\">\n\t\t\t\t\t\t<div class=\"elementor-container elementor-column-gap-default\">\n\t\t\t\t\t<div data-dce-background-color=\"#F2F2F2C7\" class=\"elementor-column elementor-col-50 elementor-top-column elementor-element elementor-element-814a0bd\" data-id=\"814a0bd\" data-element_type=\"column\" data-settings=\"{&quot;background_background&quot;:&quot;classic&quot;}\">\n\t\t\t<div class=\"elementor-widget-wrap elementor-element-populated\">\n\t\t\t\t\t\t<div class=\"elementor-element elementor-element-efe7da6 elementor-widget elementor-widget-heading\" data-id=\"efe7da6\" data-element_type=\"widget\" data-widget_type=\"heading.default\">\n\t\t\t\t<div class=\"elementor-widget-container\">\n\t\t\t<h3 class=\"elementor-heading-title elementor-size-default\">Souscrire de suite<\/h3>\t\t<\/div>\n\t\t\t\t<\/div>\n\t\t\t\t<div class=\"elementor-element elementor-element-5f6effb elementor-widget elementor-widget-heading\" data-id=\"5f6effb\" data-element_type=\"widget\" data-widget_type=\"heading.default\">\n\t\t\t\t<div class=\"elementor-widget-container\">\n\t\t\t<h1 class=\"elementor-heading-title elementor-size-default\">Assurance de voyage<\/h1>\t\t<\/div>\n\t\t\t\t<\/div>\n\t\t\t\t<div class=\"elementor-element elementor-element-bbd743a elementor-widget elementor-widget-text-editor\" data-id=\"bbd743a\" data-element_type=\"widget\" data-widget_type=\"text-editor.default\">\n\t\t\t\t<div class=\"elementor-widget-container\">\n\t\t\t\t\t\t\t<p>Lorsque vous partez en voyage... beaucoup de choses peuvent mal tourner ! L'assurance voyage ne peut pas emp\u00eacher les accidents, mais elle permet de limiter les dommages financiers.<\/p><p>Dans l'assurance voyage priv\u00e9e, on distingue trois domaines : l'assurance d'annulation, l'assistance personnelle et le d\u00e9pannage. Ils sont adapt\u00e9s \u00e0 diff\u00e9rents types de probl\u00e8mes et diff\u00e8rent par l'\u00e9tendue des avantages et des prix. Aussi, ils peuvent \u00eatre combin\u00e9s \u00e0 volont\u00e9. Il est \u00e9galement possible de n'assurer qu'un seul secteur. De quelle protection avez-vous besoin ?<\/p>\t\t\t\t\t\t<\/div>\n\t\t\t\t<\/div>\n\t\t\t\t<div class=\"elementor-element elementor-element-b19044a elementor-align-left elementor-widget elementor-widget-button\" data-id=\"b19044a\" data-element_type=\"widget\" data-widget_type=\"button.default\">\n\t\t\t\t<div class=\"elementor-widget-container\">\n\t\t\t\t\t<div class=\"elementor-button-wrapper\">\n\t\t\t<a class=\"elementor-button elementor-button-link elementor-size-sm\" href=\"https:\/\/www.allpartner.ch\/fr\/kontakt\/\">\n\t\t\t\t\t\t<span class=\"elementor-button-content-wrapper\">\n\t\t\t\t\t\t\t\t\t<span class=\"elementor-button-text\">Demander conseil<\/span>\n\t\t\t\t\t<\/span>\n\t\t\t\t\t<\/a>\n\t\t<\/div>\n\t\t\t\t<\/div>\n\t\t\t\t<\/div>\n\t\t\t\t\t<\/div>\n\t\t<\/div>\n\t\t\t\t<div class=\"elementor-column elementor-col-50 elementor-top-column elementor-element elementor-element-262a4c1\" data-id=\"262a4c1\" data-element_type=\"column\">\n\t\t\t<div class=\"elementor-widget-wrap elementor-element-populated\">\n\t\t\t\t\t\t<section class=\"elementor-section elementor-inner-section elementor-element elementor-element-ca9f24e elementor-section-boxed elementor-section-height-default elementor-section-height-default\" data-id=\"ca9f24e\" data-element_type=\"section\">\n\t\t\t\t\t\t<div class=\"elementor-container elementor-column-gap-default\">\n\t\t\t\t\t<div class=\"elementor-column elementor-col-100 elementor-inner-column elementor-element elementor-element-c0065b0\" data-id=\"c0065b0\" data-element_type=\"column\">\n\t\t\t<div class=\"elementor-widget-wrap\">\n\t\t\t\t\t\t\t<\/div>\n\t\t<\/div>\n\t\t\t\t\t<\/div>\n\t\t<\/section>\n\t\t\t\t\t<\/div>\n\t\t<\/div>\n\t\t\t\t\t<\/div>\n\t\t<\/section>\n\t\t\t\t<\/div>","protected":false},"excerpt":{"rendered":"<p>Jetzt abschliessen Reiseversicherung Wenn einer eine Reise macht \u2026 kann viel schiefgehen! Eine Reiseversicherung kann zwar keine Pannen verhindern &#8211; aber Sie hilft dabei, den finanziellen Schaden zu begrenzen. Bei der privaten Reiseversicherung unterscheidet man zwischen drei Bereichen: der Annullationsversicherung, der Personen Assistance, sowie dem Pannendienst. Sie sind auf verschiedene Arten von Problemen zugeschnitten und [&hellip;]<\/p>","protected":false},"author":3,"featured_media":35186,"parent":28860,"menu_order":5,"comment_status":"closed","ping_status":"closed","template":"elementor_header_footer","meta":{"footnotes":""},"class_list":["post-33035","page","type-page","status-publish","has-post-thumbnail","hentry"],"aioseo_notices":[],"_links":{"self":[{"href":"https:\/\/www.allpartner.ch\/fr\/wp-json\/wp\/v2\/pages\/33035"}],"collection":[{"href":"https:\/\/www.allpartner.ch\/fr\/wp-json\/wp\/v2\/pages"}],"about":[{"href":"https:\/\/www.allpartner.ch\/fr\/wp-json\/wp\/v2\/types\/page"}],"author":[{"embeddable":true,"href":"https:\/\/www.allpartner.ch\/fr\/wp-json\/wp\/v2\/users\/3"}],"replies":[{"embeddable":true,"href":"https:\/\/www.allpartner.ch\/fr\/wp-json\/wp\/v2\/comments?post=33035"}],"version-history":[{"count":20,"href":"https:\/\/www.allpartner.ch\/fr\/wp-json\/wp\/v2\/pages\/33035\/revisions"}],"predecessor-version":[{"id":35672,"href":"https:\/\/www.allpartner.ch\/fr\/wp-json\/wp\/v2\/pages\/33035\/revisions\/35672"}],"up":[{"embeddable":true,"href":"https:\/\/www.allpartner.ch\/fr\/wp-json\/wp\/v2\/pages\/28860"}],"wp:featuredmedia":[{"embeddable":true,"href":"https:\/\/www.allpartner.ch\/fr\/wp-json\/wp\/v2\/media\/35186"}],"wp:attachment":[{"href":"https:\/\/www.allpartner.ch\/fr\/wp-json\/wp\/v2\/media?parent=33035"}],"curies":[{"name":"wp","href":"https:\/\/api.w.org\/{rel}","templated":true}]}}