{"id":33025,"date":"2020-11-25T16:41:35","date_gmt":"2020-11-25T15:41:35","guid":{"rendered":"http:\/\/allpartner.brentex.ch\/?page_id=33025"},"modified":"2024-12-01T11:38:39","modified_gmt":"2024-12-01T10:38:39","slug":"gebaeudeversicherung","status":"publish","type":"page","link":"https:\/\/www.allpartner.ch\/fr\/privatkunden\/gebaeudeversicherung\/","title":{"rendered":"Assurance de b\u00e2timent"},"content":{"rendered":"<div data-elementor-type=\"wp-page\" data-elementor-id=\"33025\" class=\"elementor elementor-33025\" data-elementor-post-type=\"page\">\n\t\t\t\t\t\t<section data-dce-background-image-url=\"https:\/\/www.allpartner.ch\/wp-content\/uploads\/2020\/11\/304.jpg\" class=\"elementor-section elementor-top-section elementor-element elementor-element-ff6c526 elementor-section-boxed elementor-section-height-default elementor-section-height-default\" data-id=\"ff6c526\" data-element_type=\"section\" data-settings=\"{&quot;background_background&quot;:&quot;classic&quot;}\">\n\t\t\t\t\t\t<div class=\"elementor-container elementor-column-gap-default\">\n\t\t\t\t\t<div data-dce-background-color=\"#F2F2F2C7\" class=\"elementor-column elementor-col-50 elementor-top-column elementor-element elementor-element-fb3ae50\" data-id=\"fb3ae50\" data-element_type=\"column\" data-settings=\"{&quot;background_background&quot;:&quot;classic&quot;}\">\n\t\t\t<div class=\"elementor-widget-wrap elementor-element-populated\">\n\t\t\t\t\t\t<div class=\"elementor-element elementor-element-2bc7207 elementor-widget elementor-widget-heading\" data-id=\"2bc7207\" data-element_type=\"widget\" data-widget_type=\"heading.default\">\n\t\t\t\t<div class=\"elementor-widget-container\">\n\t\t\t<h3 class=\"elementor-heading-title elementor-size-default\">Souscrire de suite<\/h3>\t\t<\/div>\n\t\t\t\t<\/div>\n\t\t\t\t<div class=\"elementor-element elementor-element-b0b0728 elementor-widget elementor-widget-heading\" data-id=\"b0b0728\" data-element_type=\"widget\" data-widget_type=\"heading.default\">\n\t\t\t\t<div class=\"elementor-widget-container\">\n\t\t\t<h1 class=\"elementor-heading-title elementor-size-default\">Assurance de b\u00e2timent<\/h1>\t\t<\/div>\n\t\t\t\t<\/div>\n\t\t\t\t<div class=\"elementor-element elementor-element-c881bfd elementor-widget elementor-widget-text-editor\" data-id=\"c881bfd\" data-element_type=\"widget\" data-widget_type=\"text-editor.default\">\n\t\t\t\t<div class=\"elementor-widget-container\">\n\t\t\t\t\t\t\t<p>Votre propri\u00e9t\u00e9 immobili\u00e8re est constamment expos\u00e9e \u00e0 des dangers - du feu \u00e0 de l'infiltration d'eau. L'assurance b\u00e2timent vous prot\u00e8ge.<\/p><p>Prot\u00e9gez-vous contre les risques financiers de construction gr\u00e2ce aux diff\u00e9rentes offres d'assurance. Incendie, inondation, tremblement de terre ou cambriolage : choisissez votre assurance b\u00e2timent id\u00e9ale \u00e0 partir des modules.<\/p>\t\t\t\t\t\t<\/div>\n\t\t\t\t<\/div>\n\t\t\t\t<div class=\"elementor-element elementor-element-8ad5fce elementor-align-left elementor-widget elementor-widget-button\" data-id=\"8ad5fce\" data-element_type=\"widget\" data-widget_type=\"button.default\">\n\t\t\t\t<div class=\"elementor-widget-container\">\n\t\t\t\t\t<div class=\"elementor-button-wrapper\">\n\t\t\t<a class=\"elementor-button elementor-button-link elementor-size-sm\" href=\"https:\/\/www.allpartner.ch\/fr\/kontakt\/\">\n\t\t\t\t\t\t<span class=\"elementor-button-content-wrapper\">\n\t\t\t\t\t\t\t\t\t<span class=\"elementor-button-text\">Demander une offre<\/span>\n\t\t\t\t\t<\/span>\n\t\t\t\t\t<\/a>\n\t\t<\/div>\n\t\t\t\t<\/div>\n\t\t\t\t<\/div>\n\t\t\t\t\t<\/div>\n\t\t<\/div>\n\t\t\t\t<div class=\"elementor-column elementor-col-50 elementor-top-column elementor-element elementor-element-5b12689\" data-id=\"5b12689\" data-element_type=\"column\">\n\t\t\t<div class=\"elementor-widget-wrap elementor-element-populated\">\n\t\t\t\t\t\t<section class=\"elementor-section elementor-inner-section elementor-element elementor-element-7425b86 elementor-section-boxed elementor-section-height-default elementor-section-height-default\" data-id=\"7425b86\" data-element_type=\"section\">\n\t\t\t\t\t\t<div class=\"elementor-container elementor-column-gap-default\">\n\t\t\t\t\t<div class=\"elementor-column elementor-col-100 elementor-inner-column elementor-element elementor-element-c63d2bc\" data-id=\"c63d2bc\" data-element_type=\"column\">\n\t\t\t<div class=\"elementor-widget-wrap\">\n\t\t\t\t\t\t\t<\/div>\n\t\t<\/div>\n\t\t\t\t\t<\/div>\n\t\t<\/section>\n\t\t\t\t\t<\/div>\n\t\t<\/div>\n\t\t\t\t\t<\/div>\n\t\t<\/section>\n\t\t\t\t<\/div>","protected":false},"excerpt":{"rendered":"<p>Jetzt abschliessen Geb\u00e4udeversicherung Ihr Wohneigentum ist st\u00e4ndig Gefahren ausgesetzt \u2013 von Feuer bis zu Wassereinbruch. Eine Geb\u00e4udeversicherung sch\u00fctzt Sie. Sch\u00fctzen Sie sich vor finanziellen Geb\u00e4uderisiken mit den verschiedenen Versicherungsangeboten. Ob bei Feuer, Wasser, Erdbeben oder Einbr\u00fcchen: Stellen Sie sich Ihre optimale Geb\u00e4udeversicherung \u00a0zusammen. Offerte anfragen<\/p>","protected":false},"author":3,"featured_media":35186,"parent":28860,"menu_order":3,"comment_status":"closed","ping_status":"closed","template":"elementor_header_footer","meta":{"footnotes":""},"class_list":["post-33025","page","type-page","status-publish","has-post-thumbnail","hentry"],"aioseo_notices":[],"_links":{"self":[{"href":"https:\/\/www.allpartner.ch\/fr\/wp-json\/wp\/v2\/pages\/33025"}],"collection":[{"href":"https:\/\/www.allpartner.ch\/fr\/wp-json\/wp\/v2\/pages"}],"about":[{"href":"https:\/\/www.allpartner.ch\/fr\/wp-json\/wp\/v2\/types\/page"}],"author":[{"embeddable":true,"href":"https:\/\/www.allpartner.ch\/fr\/wp-json\/wp\/v2\/users\/3"}],"replies":[{"embeddable":true,"href":"https:\/\/www.allpartner.ch\/fr\/wp-json\/wp\/v2\/comments?post=33025"}],"version-history":[{"count":20,"href":"https:\/\/www.allpartner.ch\/fr\/wp-json\/wp\/v2\/pages\/33025\/revisions"}],"predecessor-version":[{"id":35627,"href":"https:\/\/www.allpartner.ch\/fr\/wp-json\/wp\/v2\/pages\/33025\/revisions\/35627"}],"up":[{"embeddable":true,"href":"https:\/\/www.allpartner.ch\/fr\/wp-json\/wp\/v2\/pages\/28860"}],"wp:featuredmedia":[{"embeddable":true,"href":"https:\/\/www.allpartner.ch\/fr\/wp-json\/wp\/v2\/media\/35186"}],"wp:attachment":[{"href":"https:\/\/www.allpartner.ch\/fr\/wp-json\/wp\/v2\/media?parent=33025"}],"curies":[{"name":"wp","href":"https:\/\/api.w.org\/{rel}","templated":true}]}}