{"id":30542,"date":"2020-10-19T12:21:33","date_gmt":"2020-10-19T10:21:33","guid":{"rendered":"https:\/\/111760.brentex.ch\/?page_id=30542"},"modified":"2024-12-01T11:30:42","modified_gmt":"2024-12-01T10:30:42","slug":"kredite","status":"publish","type":"page","link":"https:\/\/www.allpartner.ch\/fr\/kredite\/","title":{"rendered":"Cr\u00e9dits"},"content":{"rendered":"<div data-elementor-type=\"wp-page\" data-elementor-id=\"30542\" class=\"elementor elementor-30542\" data-elementor-post-type=\"page\">\n\t\t\t\t\t\t<section data-dce-background-image-url=\"https:\/\/www.allpartner.ch\/wp-content\/uploads\/2020\/11\/820.jpg\" class=\"elementor-section elementor-top-section elementor-element elementor-element-02a716d elementor-section-boxed elementor-section-height-default elementor-section-height-default\" data-id=\"02a716d\" data-element_type=\"section\" data-settings=\"{&quot;background_background&quot;:&quot;classic&quot;}\">\n\t\t\t\t\t\t<div class=\"elementor-container elementor-column-gap-default\">\n\t\t\t\t\t<div data-dce-background-color=\"#F2F2F2D4\" class=\"elementor-column elementor-col-50 elementor-top-column elementor-element elementor-element-48275f8\" data-id=\"48275f8\" data-element_type=\"column\" data-settings=\"{&quot;background_background&quot;:&quot;classic&quot;}\">\n\t\t\t<div class=\"elementor-widget-wrap elementor-element-populated\">\n\t\t\t\t\t\t<div class=\"elementor-element elementor-element-cdf5dd2 elementor-widget elementor-widget-heading\" data-id=\"cdf5dd2\" data-element_type=\"widget\" data-widget_type=\"heading.default\">\n\t\t\t\t<div class=\"elementor-widget-container\">\n\t\t\t<h3 class=\"elementor-heading-title elementor-size-default\">Demande en ligne<\/h3>\t\t<\/div>\n\t\t\t\t<\/div>\n\t\t\t\t<div class=\"elementor-element elementor-element-472b74b elementor-widget elementor-widget-heading\" data-id=\"472b74b\" data-element_type=\"widget\" data-widget_type=\"heading.default\">\n\t\t\t\t<div class=\"elementor-widget-container\">\n\t\t\t<h1 class=\"elementor-heading-title elementor-size-default\">Cr\u00e9dits priv\u00e9s<\/h1>\t\t<\/div>\n\t\t\t\t<\/div>\n\t\t\t\t<div class=\"elementor-element elementor-element-10bec6f elementor-widget elementor-widget-text-editor\" data-id=\"10bec6f\" data-element_type=\"widget\" data-widget_type=\"text-editor.default\">\n\t\t\t\t<div class=\"elementor-widget-container\">\n\t\t\t\t\t\t\t<p>Obtenez votre cr\u00e9dit personnel aux meilleures conditions avec l'aide de All Partner. Vous pouvez nous demander un conseil personnalis\u00e9 ou m\u00eame remplir la demande en ligne. Nous garantissons un traitement rapide de la demande et une d\u00e9cision dans les 24 heures.<\/p>\t\t\t\t\t\t<\/div>\n\t\t\t\t<\/div>\n\t\t\t\t<section class=\"elementor-section elementor-inner-section elementor-element elementor-element-b90d89e elementor-section-boxed elementor-section-height-default elementor-section-height-default\" data-id=\"b90d89e\" data-element_type=\"section\">\n\t\t\t\t\t\t<div class=\"elementor-container elementor-column-gap-default\">\n\t\t\t\t\t<div class=\"elementor-column elementor-col-50 elementor-inner-column elementor-element elementor-element-3711711\" data-id=\"3711711\" data-element_type=\"column\">\n\t\t\t<div class=\"elementor-widget-wrap elementor-element-populated\">\n\t\t\t\t\t\t<div class=\"elementor-element elementor-element-559281d elementor-align-left elementor-widget elementor-widget-button\" data-id=\"559281d\" data-element_type=\"widget\" data-widget_type=\"button.default\">\n\t\t\t\t<div class=\"elementor-widget-container\">\n\t\t\t\t\t<div class=\"elementor-button-wrapper\">\n\t\t\t<a class=\"elementor-button elementor-button-link elementor-size-sm\" href=\"#elementor-action:action=popup:open&settings=eyJpZCI6IjI5NzI3IiwidG9nZ2xlIjpmYWxzZX0=\">\n\t\t\t\t\t\t<span class=\"elementor-button-content-wrapper\">\n\t\t\t\t\t\t\t\t\t<span class=\"elementor-button-text\">Demande en ligne<\/span>\n\t\t\t\t\t<\/span>\n\t\t\t\t\t<\/a>\n\t\t<\/div>\n\t\t\t\t<\/div>\n\t\t\t\t<\/div>\n\t\t\t\t\t<\/div>\n\t\t<\/div>\n\t\t\t\t<div class=\"elementor-column elementor-col-50 elementor-inner-column elementor-element elementor-element-f5659ed\" data-id=\"f5659ed\" data-element_type=\"column\">\n\t\t\t<div class=\"elementor-widget-wrap elementor-element-populated\">\n\t\t\t\t\t\t<div data-dce-background-color=\"#DA242300\" class=\"elementor-element elementor-element-74183fa elementor-align-left elementor-widget elementor-widget-button\" data-id=\"74183fa\" data-element_type=\"widget\" data-widget_type=\"button.default\">\n\t\t\t\t<div class=\"elementor-widget-container\">\n\t\t\t\t\t<div class=\"elementor-button-wrapper\">\n\t\t\t<a class=\"elementor-button elementor-button-link elementor-size-sm\" href=\"https:\/\/www.allpartner.ch\/fr\/kontakt\/\">\n\t\t\t\t\t\t<span class=\"elementor-button-content-wrapper\">\n\t\t\t\t\t\t\t\t\t<span class=\"elementor-button-text\">Contactez-nous<\/span>\n\t\t\t\t\t<\/span>\n\t\t\t\t\t<\/a>\n\t\t<\/div>\n\t\t\t\t<\/div>\n\t\t\t\t<\/div>\n\t\t\t\t\t<\/div>\n\t\t<\/div>\n\t\t\t\t\t<\/div>\n\t\t<\/section>\n\t\t\t\t\t<\/div>\n\t\t<\/div>\n\t\t\t\t<div class=\"elementor-column elementor-col-50 elementor-top-column elementor-element elementor-element-e5240bb\" data-id=\"e5240bb\" data-element_type=\"column\">\n\t\t\t<div class=\"elementor-widget-wrap elementor-element-populated\">\n\t\t\t\t\t\t<section class=\"elementor-section elementor-inner-section elementor-element elementor-element-fc4b231 elementor-section-boxed elementor-section-height-default elementor-section-height-default\" data-id=\"fc4b231\" data-element_type=\"section\">\n\t\t\t\t\t\t<div class=\"elementor-container elementor-column-gap-default\">\n\t\t\t\t\t<div data-dce-background-color=\"#FFFFFF\" class=\"elementor-column elementor-col-50 elementor-inner-column elementor-element elementor-element-3286c13 elementor-hidden-phone\" data-id=\"3286c13\" data-element_type=\"column\" data-settings=\"{&quot;background_background&quot;:&quot;classic&quot;}\">\n\t\t\t<div class=\"elementor-widget-wrap elementor-element-populated\">\n\t\t\t\t\t\t<div class=\"elementor-element elementor-element-044f54d elementor-widget elementor-widget-heading\" data-id=\"044f54d\" data-element_type=\"widget\" data-widget_type=\"heading.default\">\n\t\t\t\t<div class=\"elementor-widget-container\">\n\t\t\t<h1 class=\"elementor-heading-title elementor-size-default\">\u00c0 partir de 4.9%<\/h1>\t\t<\/div>\n\t\t\t\t<\/div>\n\t\t\t\t<div class=\"elementor-element elementor-element-3a1d933 elementor-widget elementor-widget-text-editor\" data-id=\"3a1d933\" data-element_type=\"widget\" data-widget_type=\"text-editor.default\">\n\t\t\t\t<div class=\"elementor-widget-container\">\n\t\t\t\t\t\t\tB\u00e9n\u00e9ficiez de taux d'int\u00e9r\u00eat bas.\t\t\t\t\t\t<\/div>\n\t\t\t\t<\/div>\n\t\t\t\t\t<\/div>\n\t\t<\/div>\n\t\t\t\t<div class=\"elementor-column elementor-col-50 elementor-inner-column elementor-element elementor-element-8ba488f\" data-id=\"8ba488f\" data-element_type=\"column\">\n\t\t\t<div class=\"elementor-widget-wrap\">\n\t\t\t\t\t\t\t<\/div>\n\t\t<\/div>\n\t\t\t\t\t<\/div>\n\t\t<\/section>\n\t\t\t\t\t<\/div>\n\t\t<\/div>\n\t\t\t\t\t<\/div>\n\t\t<\/section>\n\t\t\t\t<section class=\"elementor-section elementor-top-section elementor-element elementor-element-1d6f9e06 elementor-section-boxed elementor-section-height-default elementor-section-height-default\" data-id=\"1d6f9e06\" data-element_type=\"section\">\n\t\t\t\t\t\t<div class=\"elementor-container elementor-column-gap-default\">\n\t\t\t\t\t<div class=\"elementor-column elementor-col-50 elementor-top-column elementor-element elementor-element-eba05eb\" data-id=\"eba05eb\" data-element_type=\"column\">\n\t\t\t<div class=\"elementor-widget-wrap elementor-element-populated\">\n\t\t\t\t\t\t<div class=\"elementor-element elementor-element-56d406b elementor-widget elementor-widget-heading\" data-id=\"56d406b\" data-element_type=\"widget\" data-widget_type=\"heading.default\">\n\t\t\t\t<div class=\"elementor-widget-container\">\n\t\t\t<h1 class=\"elementor-heading-title elementor-size-default\">Calculez les paiements mensuels du pr\u00eat d\u00e9sir\u00e9:<\/h1>\t\t<\/div>\n\t\t\t\t<\/div>\n\t\t\t\t<div class=\"elementor-element elementor-element-98a9e28 elementor-widget elementor-widget-shmac\" data-id=\"98a9e28\" data-element_type=\"widget\" data-widget_type=\"shmac.default\">\n\t\t\t\t<div class=\"elementor-widget-container\">\n\t\t\t<div class=\"shmac-elementor-widget\">\n<style>\n.form-1 .shmac-form .mui-form-group > .mui-form-control:focus ~ label {\n    color: #123657;\n}\n.form-1 .shmac-form .mui-select:focus > select {\n    border-color: #123657;\n}\n.form-1 .shmac-form .mui-btn.submit-shmac,\n.form-1 .shmac-form .mui-btn.submit-shmac:hover {\n    background-color: #123657;\n}\n.form-1 .shmac-form input[type=text]:focus:not([readonly]),\n.form-1 .shmac-form input[type=email]:focus:not([readonly]),\n.form-1 .shmac-form input[type=password]:focus:not([readonly]) {\n\tborder: none;\n    border-bottom: 1px solid #123657;\n    box-shadow: 0 1px 0 0 #123657;\n}\n.form-1 .shmac-form [type=\"checkbox\"]:checked + label:before {\n  border-right: 2px solid #123657;\n  border-bottom: 2px solid #123657;\n}\n.shmac-div.divfrom-form-1 {\n    border: 5px solid #123657;\n}\n.shmac-div.divfrom-form-1 .schedule-table th {\n    color: #123657;\n}\n.form-1 .ui-mprogress .deter-bar,\n.form-1 .ui-mprogress .indeter-bar,\n.form-1 .ui-mprogress .query-bar,\n.form-1 .ui-mprogress .mp-ui-dashed {\n  background: #123657;\n}\n.noUi-handle:focus {\n    box-shadow: 0 0 7px #888;\n    border: 8px solid #123657;\n}\n<\/style>\n<style>\n.shmac-holder-1 {\n  background: url();\n  background-size: cover;\n}.mui-panel.form-1 {background-color: rgba(63,120,50,0);}\n\n.form-1 .sliders {margin-top: 15px;}\n.form-1 .noUi-target{box-shadow:none;}\n.form-1 .noUi-handle::after, .form-1 .noUi-handle::before{background:none;}\n.form-1 .noUi-horizontal .noUi-handle {\n\theight: 20px;\n\ttop: -7px;\n\twidth: 20px;\n border: 5px solid #123657;\n}\n.form-1 .noUi-horizontal {height: 6px;}\n.form-1 .noUi-handle {left: -8 !important; top: -8px !important;}\n\n\n.shmac-sc.form-1 .sliders { background-color: #123657; }\n<\/style>\n<div class=\"shmac-holder shmac-holder-1\">\n  <div class=\"mui-panel shmac-sc form-1\">\n    <form class=\"shmac-form\" data-currencysymbol=\"CHF\" data-currencyformat=\"5\" data-currencyside=\"right\" data-downpaytype=\"percent\" data-downpayshow=\"no\" data-location=\"modal\" data-detail_original=\"Urspr\u00fcnglicher Kreditbetrag\" data-detail_interest=\"Zins\" data-detail_term=\"Laufzeit\" data-detail_loan_after_down=\"Kredit nach Anzahlung\" data-detail_down_payment=\"Anzahlung\" data-detail_down_payment_amount=\"Anzahlungsbetrag\" data-detail_monthly_payment=\"Monatliche Zahlung\" data-detail_total_payments=\"Gesamtzahlungen\" data-header_payment=\"Zahlung\" data-header_payment_amount=\"Zahlungsbetrag\" data-header_interest=\"Zins\" data-header_total_interest=\"Gesamtzins\" data-header_principal=\"Rate (ohne Zins)\" data-header_balance=\"Restbetrag\" data-header_loan_text=\"Kreditdetails\" data-header_schedule_text=\"Tilgungsplan\" data-down_factor_1=\"Berechnungen mit diesem Rechner sind nur Sch\u00e4tzungen und k\u00f6nnen noch Abweichungen aufweisen.\" data-tax_factor=\"Der Zinssatz wird erst sp\u00e4ter definitiv ermittelt.\" data-insurance_factor=\"Sie k\u00f6nnen einen Antrag mit dem Kreditbetrag und Laufzeit auf der Webseite ausf\u00fcllen.\" data-year_label=\"Jahre\" data-month_label=\"Monate\" data-disclaimer=\"Berechnungen mit diesem Rechner sind nur Sch\u00e4tzungen. Es gibt keine Garantie f\u00fcr die Richtigkeit der Ergebnisse oder die Beziehung zu Ihrer finanziellen Situation.\" action=\"\"  >\n        <div class=\"shmac-title\">Cr\u00e9dit souhait\u00e9<\/div>                    <div class=\"shmac-check\">\n                        <input type=\"checkbox\" id=\"checkflip-1\" class=\"checkflip send-email\" \/>\n                        <label for=\"checkflip-1\">E-mail avec le calcul<\/label>\n                    <\/div>\n                    <div class=\"mui-form-group shmac-email\" style=\"display:none;\">\n                        <input type=\"text\" class=\"shmac-email-input mui-form-control\" \/>\n                        <label class=\"mui-form-floating-label\">Ihre E-Mail<\/label>\n                        <div class=\"err-msg\"><\/div>\n                    <\/div>            <div class=\"mui-form-group shmac-amount\">\n                <a href=\"#\" class=\"shmac-tip\" title=\" \" data-title=\"Betrag | Montant | Importo\">\n                    <span>\n                        <img decoding=\"async\" src=\"https:\/\/www.allpartner.ch\/wp-content\/plugins\/shmac\/assets\/img\/info_outline.png\" class=\"shmac-info\" \/>\n                    <\/span>\n                <\/a>\n                <div class=\"shmac-symbol right\">CHF<\/div>\n                <input type=\"text\" class=\"mort-amount mui-form-control input-no-pad amountinput_1\" value=\"25000\" data-decimal-character=\".\" data-digit-group-separator=\"'\"  readonly='readonly' \/> \n                <label class=\"mui-form-floating-label\">Betrag | Montant | Importo<\/label>\n                <div class=\"sliders\" id=\"amount_slider_1\"><\/div>\n                <div class=\"err-msg\"><\/div>\n            <\/div>\n\n            <div class=\"mui-form-group shmac-interest\">\n                 <a href=\"#\" class=\"shmac-tip\" title=\" \" data-title=\"Zinssatz | Taux d'int\u00e9r\u00eat | Tasso d'interesse\">\n                    <span>\n                        <img decoding=\"async\" src=\"https:\/\/www.allpartner.ch\/wp-content\/plugins\/shmac\/assets\/img\/info_outline.png\" class=\"shmac-info\" \/>\n                    <\/span>\n                <\/a>\n                <input type=\"text\" class=\"interest mui-form-control interestinput_1\" value=\"4.9\" readonly='readonly'  \/>\n                <label class=\"mui-form-floating-label\">%<\/label>\n                <div class=\"sliders\" id=\"interest_slider_1\"><\/div>\n                <div class=\"err-msg\"><\/div>\n            <\/div>\n\n            \n\n            <div class=\"mui-form-group shmac-term\">\n                                <div class=\"shmac-term-months\">\n                <input type=\"checkbox\" id=\"term-months-1\" class=\"term-months term-group\" checked=\"checked\" \/>\n                <label for=\"term-months-1\">Mois<\/label>\n                <\/div>\n\n                 <a href=\"#\" class=\"shmac-tip\" title=\" \" data-title=\"Laufzeit | Dur\u00e9e | Durata\">\n                    <span>\n                        <img decoding=\"async\" src=\"https:\/\/www.allpartner.ch\/wp-content\/plugins\/shmac\/assets\/img\/info_outline.png\" class=\"shmac-info\" \/>\n                    <\/span>\n                <\/a>\n                <input type=\"text\" class=\"term mui-form-control terminput_1\" value=\"7\" data-decimal-places-override=\"0\" readonly='readonly' \/>\n                <label class=\"mui-form-label\">Laufzeit | Dur\u00e9e | Durata<\/label>\n                <div class=\"sliders\" id=\"term_slider_1\"><\/div>\n                <div class=\"err-msg\"><\/div>\n            <\/div>\n            <div class=\"progresso\"> &nbsp;<\/div>\n            <div class=\"buttonRow\">\n                <button class=\"mui-btn submit-shmac\" data-mui-color=\"#123657\">Suivant<\/button>\n                <button class=\"mui-btn shmac-reset shmac-reset_1\" type=\"reset\">Retour<\/button>\n            <\/div>\n                \n    <input type=\"hidden\" name=\"trp-form-language\" value=\"fr\"\/><\/form>\n  <\/div>\n<\/div><!-- End shmac-holder -->\n<div class=\"shmac-inline-form\" id=\"shmac-inline-form-1\"><\/div><\/div>\t\t<\/div>\n\t\t\t\t<\/div>\n\t\t\t\t\t<\/div>\n\t\t<\/div>\n\t\t\t\t<div data-dce-background-color=\"#333D401A\" class=\"elementor-column elementor-col-50 elementor-top-column elementor-element elementor-element-7d141fc\" data-id=\"7d141fc\" data-element_type=\"column\" data-settings=\"{&quot;background_background&quot;:&quot;classic&quot;}\">\n\t\t\t<div class=\"elementor-widget-wrap elementor-element-populated\">\n\t\t\t\t\t\t<div class=\"elementor-element elementor-element-ab6c1d0 elementor-widget elementor-widget-heading\" data-id=\"ab6c1d0\" data-element_type=\"widget\" data-widget_type=\"heading.default\">\n\t\t\t\t<div class=\"elementor-widget-container\">\n\t\t\t<h3 class=\"elementor-heading-title elementor-size-default\">D\u00e9cision dans les 24 heures <\/h3>\t\t<\/div>\n\t\t\t\t<\/div>\n\t\t\t\t<div class=\"elementor-element elementor-element-72dc704 elementor-widget elementor-widget-heading\" data-id=\"72dc704\" data-element_type=\"widget\" data-widget_type=\"heading.default\">\n\t\t\t\t<div class=\"elementor-widget-container\">\n\t\t\t<h1 class=\"elementor-heading-title elementor-size-default\">Votre demande de cr\u00e9dit<\/h1>\t\t<\/div>\n\t\t\t\t<\/div>\n\t\t\t\t<div class=\"elementor-element elementor-element-eb1095c elementor-widget elementor-widget-text-editor\" data-id=\"eb1095c\" data-element_type=\"widget\" data-widget_type=\"text-editor.default\">\n\t\t\t\t<div class=\"elementor-widget-container\">\n\t\t\t\t\t\t\t<p>Vous voulez profiter pleinement des opportunit\u00e9s qui s'offrent \u00e0 vous et ne pas \u00eatre limit\u00e9 dans votre planification de vie? Pour ce faire, vous avez besoin d'un plan de financement sur mesure. Ce montant, ainsi que le budget mensuel de votre m\u00e9nage, constitue la base de la souscription d'un pr\u00eat personnel. Le montant du pr\u00eat personnel que vous choisissez, ainsi que la dur\u00e9e du contrat, d\u00e9terminent le montant de vos mensualit\u00e9s.<\/p>\t\t\t\t\t\t<\/div>\n\t\t\t\t<\/div>\n\t\t\t\t<div class=\"elementor-element elementor-element-f307370 elementor-align-left elementor-widget elementor-widget-button\" data-id=\"f307370\" data-element_type=\"widget\" data-widget_type=\"button.default\">\n\t\t\t\t<div class=\"elementor-widget-container\">\n\t\t\t\t\t<div class=\"elementor-button-wrapper\">\n\t\t\t<a class=\"elementor-button elementor-button-link elementor-size-sm\" href=\"#elementor-action:action=popup:open&settings=eyJpZCI6IjI5NzI3IiwidG9nZ2xlIjpmYWxzZX0=\">\n\t\t\t\t\t\t<span class=\"elementor-button-content-wrapper\">\n\t\t\t\t\t\t\t\t\t<span class=\"elementor-button-text\">Demander un cr\u00e9dit<\/span>\n\t\t\t\t\t<\/span>\n\t\t\t\t\t<\/a>\n\t\t<\/div>\n\t\t\t\t<\/div>\n\t\t\t\t<\/div>\n\t\t\t\t\t<\/div>\n\t\t<\/div>\n\t\t\t\t\t<\/div>\n\t\t<\/section>\n\t\t\t\t<\/div>","protected":false},"excerpt":{"rendered":"<p>Online anfragen Privatkredite Erhalten Sie mit Hilfe von All Partner Ihren Privatkredit zu besten Konditionen. Sie k\u00f6nnen sich gerne von uns pers\u00f6nlich beraten lassen oder sogar schon den Antrag online ausf\u00fcllen. Wir garantieren eine z\u00fcgige Bearbeitung des Antrages und einen Entscheid \u00fcber die Annahme schon w\u00e4hrend der n\u00e4chsten 24 Stunden. Online Antrag Kontaktiere uns Ab [&hellip;]<\/p>","protected":false},"author":3,"featured_media":35186,"parent":0,"menu_order":5,"comment_status":"closed","ping_status":"closed","template":"elementor_header_footer","meta":{"footnotes":""},"class_list":["post-30542","page","type-page","status-publish","has-post-thumbnail","hentry"],"aioseo_notices":[],"_links":{"self":[{"href":"https:\/\/www.allpartner.ch\/fr\/wp-json\/wp\/v2\/pages\/30542"}],"collection":[{"href":"https:\/\/www.allpartner.ch\/fr\/wp-json\/wp\/v2\/pages"}],"about":[{"href":"https:\/\/www.allpartner.ch\/fr\/wp-json\/wp\/v2\/types\/page"}],"author":[{"embeddable":true,"href":"https:\/\/www.allpartner.ch\/fr\/wp-json\/wp\/v2\/users\/3"}],"replies":[{"embeddable":true,"href":"https:\/\/www.allpartner.ch\/fr\/wp-json\/wp\/v2\/comments?post=30542"}],"version-history":[{"count":171,"href":"https:\/\/www.allpartner.ch\/fr\/wp-json\/wp\/v2\/pages\/30542\/revisions"}],"predecessor-version":[{"id":35606,"href":"https:\/\/www.allpartner.ch\/fr\/wp-json\/wp\/v2\/pages\/30542\/revisions\/35606"}],"wp:featuredmedia":[{"embeddable":true,"href":"https:\/\/www.allpartner.ch\/fr\/wp-json\/wp\/v2\/media\/35186"}],"wp:attachment":[{"href":"https:\/\/www.allpartner.ch\/fr\/wp-json\/wp\/v2\/media?parent=30542"}],"curies":[{"name":"wp","href":"https:\/\/api.w.org\/{rel}","templated":true}]}}